{"id":18,"date":"2024-02-04T09:33:03","date_gmt":"2024-02-04T09:33:03","guid":{"rendered":"http:\/\/www.brdainvino.si\/?page_id=18"},"modified":"2026-04-08T08:18:25","modified_gmt":"2026-04-08T07:18:25","slug":"gostinska-ponudba","status":"publish","type":"page","link":"https:\/\/www.brdainvino.si\/en\/gostinska-ponudba\/","title":{"rendered":"Culinary offer"},"content":{"rendered":"<div class=\"wp-block-cover alignfull has-small-font-size\" style=\"margin-top:0;margin-bottom:0;padding-top:0;padding-right:0;padding-bottom:0;padding-left:0;min-height:456px;aspect-ratio:unset;\"><img loading=\"lazy\" decoding=\"async\" width=\"1024\" height=\"683\" class=\"wp-block-cover__image-background wp-image-1604 size-large\" alt=\"\" src=\"https:\/\/www.brdainvino.si\/wp-content\/uploads\/2026\/02\/495181784_1214205367169827_3575109597178321815_n-1-1024x683.jpg\" data-object-fit=\"cover\" srcset=\"https:\/\/www.brdainvino.si\/wp-content\/uploads\/2026\/02\/495181784_1214205367169827_3575109597178321815_n-1-1024x683.jpg 1024w, https:\/\/www.brdainvino.si\/wp-content\/uploads\/2026\/02\/495181784_1214205367169827_3575109597178321815_n-1-300x200.jpg 300w, https:\/\/www.brdainvino.si\/wp-content\/uploads\/2026\/02\/495181784_1214205367169827_3575109597178321815_n-1-768x512.jpg 768w, https:\/\/www.brdainvino.si\/wp-content\/uploads\/2026\/02\/495181784_1214205367169827_3575109597178321815_n-1-1536x1024.jpg 1536w, https:\/\/www.brdainvino.si\/wp-content\/uploads\/2026\/02\/495181784_1214205367169827_3575109597178321815_n-1-18x12.jpg 18w, https:\/\/www.brdainvino.si\/wp-content\/uploads\/2026\/02\/495181784_1214205367169827_3575109597178321815_n-1.jpg 2025w\" sizes=\"auto, (max-width: 1024px) 100vw, 1024px\" \/><span aria-hidden=\"true\" class=\"wp-block-cover__background has-black-background-color has-background-dim-30 has-background-dim\"><\/span><div class=\"wp-block-cover__inner-container has-global-padding is-layout-constrained wp-container-core-cover-is-layout-54137991 wp-block-cover-is-layout-constrained\">\n<p><\/p>\n\n\n\n<p><\/p>\n\n\n\n<p class=\"has-text-align-center has-prata-regular-font-family has-x-large-font-size\" style=\"border-style:none;border-width:0px;margin-top:0;margin-right:0;margin-bottom:0;margin-left:0;padding-top:70;padding-right:70;padding-bottom:70;padding-left:70;font-style:normal;font-weight:700\">Culinary offer Brda&amp;Vino 2026<\/p>\n\n\n\n<p><\/p>\n\n\n\n<p><\/p>\n<\/div><\/div>\n\n\n\n<div class=\"wp-block-group alignwide is-content-justification-left is-nowrap is-layout-flex wp-container-core-group-is-layout-b58d86d2 wp-block-group-is-layout-flex\" style=\"margin-top:126;margin-bottom:117;padding-top:0px;padding-right:0px;padding-bottom:0px;padding-left:0px\">\n<div class=\"wp-block-columns wp-container-content-9cfa9a5a is-layout-flex wp-container-core-columns-is-layout-8a811f69 wp-block-columns-is-layout-flex\" style=\"margin-top:0;margin-bottom:0;padding-top:0;padding-right:0;padding-bottom:0;padding-left:0\">\n<div class=\"wp-block-column has-text-color has-link-color wp-elements-a693f9addab207035b3d38768c6aeb52 is-layout-flow wp-block-column-is-layout-flow\" style=\"color:#010000;flex-basis:100%\">\n<p><a href=\"https:\/\/www.atelier-kramar.si\/\" data-type=\"link\" data-id=\"https:\/\/www.atelier-kramar.si\/\" target=\"_blank\" rel=\"noreferrer noopener\">ATELIER KRAMAR &#8211; KME\u010cKI TURIZEM<\/a><\/p>\n\n\n\n<p><a href=\"https:\/\/bistrostorja.si\/\" data-type=\"link\" data-id=\"https:\/\/bistrostorja.si\/\" target=\"_blank\" rel=\"noreferrer noopener\">BISTRO \u0160TORJA<\/a><\/p>\n\n\n\n<p><a href=\"https:\/\/www.dikappatartufi.si\/\" data-type=\"link\" data-id=\"https:\/\/www.dikappatartufi.si\/\" target=\"_blank\" rel=\"noreferrer noopener\">DI KAPPA TARTUFI<\/a><\/p>\n\n\n\n<p><a href=\"https:\/\/belica.si\" target=\"_blank\" rel=\"noreferrer noopener\">DOMA\u010cIJA BELICA<\/a><\/p>\n\n\n\n<p><a href=\"https:\/\/www.podfarovz.si\" data-type=\"link\" data-id=\"https:\/\/www.podfarovz.si\" target=\"_blank\" rel=\"noreferrer noopener\">GOSTILNA PODFAROV\u017d<\/a><\/p>\n\n\n\n<p><a href=\"https:\/\/gostilna-repovz.si\" data-type=\"link\" data-id=\"https:\/\/gostilna-repovz.si\" target=\"_blank\" rel=\"noreferrer noopener\">GOSTILNA REPOV\u017d<\/a><\/p>\n\n\n\n<p><a href=\"https:\/\/www.facebook.com\/termika.restaurant\/?locale=sl_SI\" data-type=\"link\" data-id=\"https:\/\/www.facebook.com\/termika.restaurant\/?locale=sl_SI\" target=\"_blank\" rel=\"noreferrer noopener\">GOSTILNA TERMIKA<\/a><\/p>\n\n\n\n<p><a href=\"https:\/\/grajskavinoteka.si\/\" data-type=\"link\" data-id=\"https:\/\/grajskavinoteka.si\/\" target=\"_blank\" rel=\"noreferrer noopener\">GRAJSKA VINOTEKA<\/a><\/p>\n\n\n\n<p><a href=\"https:\/\/hotel-kristal-slovenia.com\/restavracija\/\" data-type=\"link\" data-id=\"https:\/\/hotel-kristal-slovenia.com\/restavracija\/\" target=\"_blank\" rel=\"noreferrer noopener\">HOTEL KRISTAL, RESTAVRACIJA PRI LOVCU<\/a><\/p>\n\n\n\n<p><a href=\"https:\/\/marica.si\/\" target=\"_blank\" rel=\"noreferrer noopener\">HI\u0160A MARICA<\/a><\/p>\n\n\n\n<p><a href=\"https:\/\/kavarna-kapitanija.si\/\" data-type=\"link\" data-id=\"https:\/\/kavarna-kapitanija.si\/\" target=\"_blank\" rel=\"noreferrer noopener\">KAVARNA KAPITANIJA<\/a><\/p>\n\n\n\n<p><a href=\"https:\/\/www.instagram.com\/kavarna_mjrka\/\" data-type=\"link\" data-id=\"https:\/\/www.instagram.com\/kavarna_mjrka\/\" target=\"_blank\" rel=\"noreferrer noopener\">KAVARNA MJRKA<\/a><\/p>\n\n\n\n<p><a href=\"https:\/\/www.facebook.com\/p\/Kmetija-pr-Luk%C4%8Devih-100064712887401\/?locale=sl_SI\" data-type=\"link\" data-id=\"https:\/\/www.facebook.com\/p\/Kmetija-pr-Luk%C4%8Devih-100064712887401\/?locale=sl_SI\" target=\"_blank\" rel=\"noreferrer noopener\">KMETIJA PR&#8217; LUK\u010cEVIH<\/a><\/p>\n\n\n\n<p><a href=\"https:\/\/www.peloz.si\/sl\/\" target=\"_blank\" rel=\"noreferrer noopener\">MESNINE PELOZ<\/a><\/p>\n\n\n\n<p><a href=\"https:\/\/www.moji-struklji.si\" target=\"_blank\" rel=\"noreferrer noopener\">MOJI \u0160TRUKLJI<\/a><\/p>\n\n\n\n<p><a href=\"https:\/\/nanni.si\" data-type=\"link\" data-id=\"https:\/\/nanni.si\" target=\"_blank\" rel=\"noreferrer noopener\">NANNI<\/a><\/p>\n\n\n\n<p><a href=\"https:\/\/www.oljcnibar.com\/\" data-type=\"link\" data-id=\"https:\/\/www.oljcnibar.com\/\" target=\"_blank\" rel=\"noreferrer noopener\">OLJ\u010cNI BAR<\/a><\/p>\n\n\n\n<p><a href=\"https:\/\/www.korsic.it\/\" data-type=\"link\" data-id=\"https:\/\/www.korsic.it\/\" target=\"_blank\" rel=\"noreferrer noopener\">OSTERIA &#8211; GOSTILNA KOR\u0160I\u010c<\/a><\/p>\n\n\n\n<p><\/p>\n\n\n\n<p><\/p>\n\n\n\n<p><\/p>\n\n\n\n<p><\/p>\n\n\n\n<p><\/p>\n\n\n\n<p><\/p>\n<\/div>\n\n\n\n<div class=\"wp-block-column has-text-color has-link-color wp-elements-835c71b3e87c3f3cc2d91ec41d0c1cda is-layout-flow wp-block-column-is-layout-flow\" style=\"color:#010000;flex-basis:1000px\">\n<p><a href=\"https:\/\/sesezogica.si\/osterija-zogica\" target=\"_blank\" rel=\"noreferrer noopener\">O\u0160TERIJA \u017dOGICA<\/a><\/p>\n\n\n\n<p><a href=\"https:\/\/perla-novagorica.com\" data-type=\"link\" data-id=\"https:\/\/perla-novagorica.com\" target=\"_blank\" rel=\"noreferrer noopener\">PERLA RESORT &amp; ENTERTAINMENT NOVA GORICA<\/a><\/p>\n\n\n\n<p><a href=\"https:\/\/monstera-posestvo.si\/\" data-type=\"link\" data-id=\"https:\/\/monstera-posestvo.si\/\" target=\"_blank\" rel=\"noreferrer noopener\">POSESTVO MONSTERA <\/a><\/p>\n\n\n\n<p><a href=\"https:\/\/www.facebook.com\/p\/Pr%C5%A1utera-Brda-61578135966034\/\" target=\"_blank\" rel=\"noreferrer noopener\">PR\u0160UTERA BRDA<\/a><\/p>\n\n\n\n<p><a href=\"https:\/\/www.facebook.com\/profile.php?id=61561351457994\" target=\"_blank\" rel=\"noreferrer noopener\">RESTAVRACIJA GRAD DOBROVO<\/a><\/p>\n\n\n\n<p><a href=\"https:\/\/gradkromberk.si\" target=\"_blank\" rel=\"noreferrer noopener\">RESTAVRACIJA GRAD KROMBERK<\/a><\/p>\n\n\n\n<p><a href=\"https:\/\/www.rizibizi.si\/\" target=\"_blank\" rel=\"noreferrer noopener\">RESTAVRACIJA RIZIBIZI<\/a><\/p>\n\n\n\n<p><a href=\"https:\/\/www.salicornia.si\/\" data-type=\"link\" data-id=\"https:\/\/www.salicornia.si\/\" target=\"_blank\" rel=\"noreferrer noopener\">RESTAVRACIJA SALICORNIA<\/a><\/p>\n\n\n\n<p><a href=\"https:\/\/www.restavracija-strelec.si\" target=\"_blank\" rel=\"noreferrer noopener\">RESTAVRACIJA STRELEC<\/a><\/p>\n\n\n\n<p><a href=\"https:\/\/www.restavracija-sobec.si\" data-type=\"link\" data-id=\"https:\/\/www.restavracija-sobec.si\">RESTAVRACIJA \u0160OBEC<\/a><\/p>\n\n\n\n<p><a href=\"https:\/\/www.restavracija-spica.si\/\" target=\"_blank\" rel=\"noreferrer noopener\">RESTAVRACIJA \u0160PICA<\/a><\/p>\n\n\n\n<p><a href=\"https:\/\/www.venko.si\/restavracija\/\" data-type=\"link\" data-id=\"https:\/\/www.venko.si\/restavracija\/\" target=\"_blank\" rel=\"noreferrer noopener\">RESTAVRACIJA VENKO<\/a><\/p>\n\n\n\n<p><a href=\"https:\/\/www.facebook.com\/p\/Sladoledarna-Karamela-Nova-Gorica-100089915358171\/?locale=sl_SI\" data-type=\"link\" data-id=\"https:\/\/www.facebook.com\/p\/Sladoledarna-Karamela-Nova-Gorica-100089915358171\/?locale=sl_SI\" target=\"_blank\" rel=\"noreferrer noopener\">SLADOLEDARNA KARAMELA<\/a><\/p>\n\n\n\n<p><a href=\"https:\/\/smutkobar.si\/\" data-type=\"link\" data-id=\"https:\/\/smutkobar.si\/\" target=\"_blank\" rel=\"noreferrer noopener\">SMUTKO BAR &#8211; POLAV\u010cEK<\/a><\/p>\n\n\n\n<p><a href=\"http:\/\/www.strukljifest.si\" target=\"_blank\" rel=\"noreferrer noopener\">\u0160TRUKLJIFEST<\/a><\/p>\n\n\n\n<p><a href=\"https:\/\/www.facebook.com\/profile.php?id=100090664718256\" data-type=\"link\" data-id=\"https:\/\/www.facebook.com\/profile.php?id=100090664718256\" target=\"_blank\" rel=\"noreferrer noopener\">TURISTI\u010cNA KMETIJA KONT<\/a><\/p>\n\n\n\n<p><a href=\"https:\/\/zafrantolmin.si\/\" data-type=\"link\" data-id=\"https:\/\/zafrantolmin.si\/\" target=\"_blank\" rel=\"noreferrer noopener\">\u017dAFRAN TOLMIN<\/a><\/p>\n\n\n\n<p><\/p>\n<\/div>\n<\/div>\n<\/div>\n\n\n\n<p class=\"has-text-align-center has-medium-font-size\">The program will be updated regularly.<\/p>\n\n\n\n<p><\/p>\n\n\n\n<p><\/p>\n\n\n\n<p><\/p>","protected":false},"excerpt":{"rendered":"<p>ATELIER KRAMAR &#8211; KME\u010cKI TURIZEM BISTRO \u0160TORJA DI KAPPA TARTUFI DOMA\u010cIJA BELICA GOSTILNA PODFAROV\u017d GOSTILNA REPOV\u017d GOSTILNA TERMIKA GRAJSKA VINOTEKA HOTEL KRISTAL, RESTAVRACIJA PRI LOVCU HI\u0160A MARICA KAVARNA KAPITANIJA KAVARNA MJRKA KMETIJA PR&#8217; LUK\u010cEVIH MESNINE PELOZ MOJI \u0160TRUKLJI NANNI OLJ\u010cNI BAR OSTERIA &#8211; GOSTILNA KOR\u0160I\u010c O\u0160TERIJA \u017dOGICA PERLA RESORT &amp; ENTERTAINMENT NOVA GORICA POSESTVO MONSTERA [&hellip;]<\/p>","protected":false},"author":1,"featured_media":0,"parent":0,"menu_order":0,"comment_status":"closed","ping_status":"closed","template":"","meta":{"ngg_post_thumbnail":0,"footnotes":""},"class_list":["post-18","page","type-page","status-publish","hentry"],"_links":{"self":[{"href":"https:\/\/www.brdainvino.si\/en\/wp-json\/wp\/v2\/pages\/18","targetHints":{"allow":["GET"]}}],"collection":[{"href":"https:\/\/www.brdainvino.si\/en\/wp-json\/wp\/v2\/pages"}],"about":[{"href":"https:\/\/www.brdainvino.si\/en\/wp-json\/wp\/v2\/types\/page"}],"author":[{"embeddable":true,"href":"https:\/\/www.brdainvino.si\/en\/wp-json\/wp\/v2\/users\/1"}],"replies":[{"embeddable":true,"href":"https:\/\/www.brdainvino.si\/en\/wp-json\/wp\/v2\/comments?post=18"}],"version-history":[{"count":158,"href":"https:\/\/www.brdainvino.si\/en\/wp-json\/wp\/v2\/pages\/18\/revisions"}],"predecessor-version":[{"id":1765,"href":"https:\/\/www.brdainvino.si\/en\/wp-json\/wp\/v2\/pages\/18\/revisions\/1765"}],"wp:attachment":[{"href":"https:\/\/www.brdainvino.si\/en\/wp-json\/wp\/v2\/media?parent=18"}],"curies":[{"name":"wp","href":"https:\/\/api.w.org\/{rel}","templated":true}]}}