{"id":771,"date":"2024-04-01T06:30:36","date_gmt":"2024-04-01T05:30:36","guid":{"rendered":"https:\/\/www.brdainvino.si\/?page_id=771"},"modified":"2026-03-12T11:45:44","modified_gmt":"2026-03-12T10:45:44","slug":"dobrodelnost","status":"publish","type":"page","link":"http:\/\/www.brdainvino.si\/en\/dobrodelnost\/","title":{"rendered":"Charity"},"content":{"rendered":"<figure class=\"wp-block-image aligncenter size-medium has-custom-border\"><img loading=\"lazy\" decoding=\"async\" width=\"300\" height=\"242\" src=\"https:\/\/www.brdainvino.si\/wp-content\/uploads\/2024\/04\/D-OKO_cel-moder-1-300x242.png\" alt=\"\" class=\"has-border-color wp-image-794\" style=\"border-color:#ffffff;border-width:31px\" srcset=\"http:\/\/www.brdainvino.si\/wp-content\/uploads\/2024\/04\/D-OKO_cel-moder-1-300x242.png 300w, http:\/\/www.brdainvino.si\/wp-content\/uploads\/2024\/04\/D-OKO_cel-moder-1-1024x826.png 1024w, http:\/\/www.brdainvino.si\/wp-content\/uploads\/2024\/04\/D-OKO_cel-moder-1-768x619.png 768w, http:\/\/www.brdainvino.si\/wp-content\/uploads\/2024\/04\/D-OKO_cel-moder-1-15x12.png 15w, http:\/\/www.brdainvino.si\/wp-content\/uploads\/2024\/04\/D-OKO_cel-moder-1.png 1210w\" sizes=\"auto, (max-width: 300px) 100vw, 300px\" \/><\/figure>\n\n\n\n<div class=\"wp-block-group alignwide is-vertical is-layout-flex wp-container-core-group-is-layout-f0271e35 wp-block-group-is-layout-flex\" style=\"border-style:none;border-width:0px;min-height:0px;margin-top:0;margin-bottom:0\">\n<p class=\"has-text-align-center\" style=\"padding-top:300;padding-right:300;padding-bottom:300;padding-left:300\">The activities of the OKO association are focused on helping individuals with autism and other disabilities. Their main goal is to improve the daily lives of people with autism. They organize creative and educational workshops covering various topics, from culture to sports.\n\nDue to a lack of awareness about autism, individuals with autism and their families often face isolation and limited opportunities for social inclusion. Therefore, the association strives to create opportunities and activities while also raising public awareness about autism. Through these efforts, they aim to break stereotypes, overcome fears, and reduce stigmatization.<\/p>\n<\/div>\n\n\n\n<section class=\"wp-block-group alignfull has-text-color has-global-padding is-layout-constrained wp-container-core-group-is-layout-93aef81b wp-block-group-is-layout-constrained\" style=\"color:#03081e;margin-top:0px;padding-top:2.2rem;padding-right:0rem;padding-bottom:0rem;padding-left:1rem;font-size:clamp(0.875rem, 0.875rem + ((1vw - 0.2rem) * 0.464), 1.13rem);font-style:normal;font-weight:400;line-height:1.4\">\n<div class=\"wp-block-columns is-layout-flex wp-container-core-columns-is-layout-d8f2430a wp-block-columns-is-layout-flex\" style=\"margin-top:0;margin-bottom:54px;padding-top:0;padding-right:0;padding-bottom:0;padding-left:0\">\n<div class=\"wp-block-column has-global-padding is-content-justification-left is-layout-constrained wp-container-core-column-is-layout-12dd3699 wp-block-column-is-layout-constrained\" style=\"flex-basis:45%\">\n<figure class=\"wp-block-image aligncenter size-full is-resized has-custom-border\"><img loading=\"lazy\" decoding=\"async\" width=\"1000\" height=\"667\" src=\"http:\/\/www.brdainvino.si\/wp-content\/uploads\/2024\/04\/oko1-1.jpg\" alt=\"\" class=\"wp-image-817\" style=\"border-style:none;border-width:0px;border-radius:25px;width:446px\" srcset=\"http:\/\/www.brdainvino.si\/wp-content\/uploads\/2024\/04\/oko1-1.jpg 1000w, http:\/\/www.brdainvino.si\/wp-content\/uploads\/2024\/04\/oko1-1-300x200.jpg 300w, http:\/\/www.brdainvino.si\/wp-content\/uploads\/2024\/04\/oko1-1-768x512.jpg 768w, http:\/\/www.brdainvino.si\/wp-content\/uploads\/2024\/04\/oko1-1-18x12.jpg 18w\" sizes=\"auto, (max-width: 1000px) 100vw, 1000px\" \/><\/figure>\n<\/div>\n\n\n\n<div class=\"wp-block-column is-vertically-aligned-top is-layout-flow wp-block-column-is-layout-flow\">\n<div class=\"wp-block-group is-vertical is-content-justification-left is-layout-flex wp-container-core-group-is-layout-c5d44cae wp-block-group-is-layout-flex\" style=\"min-height:67%\">\n<div class=\"wp-block-group has-global-padding is-content-justification-center is-layout-constrained wp-container-core-group-is-layout-b15c80d6 wp-block-group-is-layout-constrained\">\n<p class=\"has-text-align-center\" style=\"padding-top:300;padding-right:300;padding-bottom:300;padding-left:300\">On April 2nd, we observe World Autism Awareness Day, and since the event takes place in April, we decided to support children with autism and their families.<\/p>\n\n\n\n<p class=\"has-text-align-center\" style=\"padding-top:300;padding-right:300;padding-bottom:300;padding-left:300\">Last year, together with the association <a href=\"https:\/\/www.facebook.com\/AvtizemDrustvoOko\" target=\"_blank\" rel=\"noreferrer noopener\">MAS OKO<\/a>, which provides assistance to individuals with autism and other disabilities, we decorated the streets of \u0160martno. Their hand-decorated flower pots, painted in blue, beautifully enhanced the village.<\/p>\n<\/div>\n<\/div>\n<\/div>\n<\/div>\n<\/section>\n\n\n\n<section class=\"wp-block-group alignfull has-text-color has-global-padding is-layout-constrained wp-container-core-group-is-layout-38d43b13 wp-block-group-is-layout-constrained\" style=\"color:#03081e;margin-top:0px;padding-top:0rem;padding-right:1rem;padding-bottom:5.5rem;padding-left:1rem;font-size:clamp(0.875rem, 0.875rem + ((1vw - 0.2rem) * 0.464), 1.13rem);font-style:normal;font-weight:400;line-height:1.4\">\n<div class=\"wp-block-columns is-layout-flex wp-container-core-columns-is-layout-db2df21c wp-block-columns-is-layout-flex\" style=\"margin-bottom:0px\">\n<div class=\"wp-block-column is-layout-flow wp-block-column-is-layout-flow\">\n<div class=\"wp-block-group is-vertical is-content-justification-left is-layout-flex wp-container-core-group-is-layout-c5d44cae wp-block-group-is-layout-flex\" style=\"min-height:42%\">\n<div class=\"wp-block-group has-global-padding is-content-justification-center is-layout-constrained wp-container-core-group-is-layout-b15c80d6 wp-block-group-is-layout-constrained\">\n<p class=\"has-text-align-left\" style=\"padding-top:300;padding-right:300;padding-bottom:300;padding-left:300\">We are pleased to announce that the organizers of the Brda &amp; Vino event have donated \u20ac1,500 to the OKO Association to support individuals with autism.<\/p>\n\n\n\n<p class=\"has-text-align-left\" style=\"padding-top:300;padding-right:300;padding-bottom:300;padding-left:300\">Thank you to everyone who contributed to the success of the event and supported this noble initiative. Together, we are creating a better future!<\/p>\n<\/div>\n<\/div>\n<\/div>\n\n\n\n<div class=\"wp-block-column has-global-padding is-content-justification-left is-layout-constrained wp-container-core-column-is-layout-12dd3699 wp-block-column-is-layout-constrained\" style=\"flex-basis:50%\">\n<figure class=\"wp-block-image aligncenter size-full is-resized has-custom-border\"><img loading=\"lazy\" decoding=\"async\" width=\"2048\" height=\"1448\" src=\"http:\/\/www.brdainvino.si\/wp-content\/uploads\/2025\/02\/Avtizem.jpg\" alt=\"\" class=\"wp-image-1067\" style=\"border-radius:29px;width:520px\" srcset=\"http:\/\/www.brdainvino.si\/wp-content\/uploads\/2025\/02\/Avtizem.jpg 2048w, http:\/\/www.brdainvino.si\/wp-content\/uploads\/2025\/02\/Avtizem-300x212.jpg 300w, http:\/\/www.brdainvino.si\/wp-content\/uploads\/2025\/02\/Avtizem-1024x724.jpg 1024w, http:\/\/www.brdainvino.si\/wp-content\/uploads\/2025\/02\/Avtizem-768x543.jpg 768w, http:\/\/www.brdainvino.si\/wp-content\/uploads\/2025\/02\/Avtizem-1536x1086.jpg 1536w, http:\/\/www.brdainvino.si\/wp-content\/uploads\/2025\/02\/Avtizem-18x12.jpg 18w\" sizes=\"auto, (max-width: 2048px) 100vw, 2048px\" \/><\/figure>\n<\/div>\n<\/div>\n<\/section>\n\n\n\n<p class=\"has-text-align-center\" style=\"padding-top:300;padding-right:300;padding-bottom:300;padding-left:300\"><\/p>\n\n\n\n<p class=\"has-text-align-center\">Here are some highlights from past event in the gallery.<\/p>\n\n\n\n<!-- default-view.php -->\n<div\n\tclass=\"ngg-galleryoverview default-view\"\n\tid=\"ngg-gallery-a49f4a9fa56d66f5f85ace643b2c7508-1\">\n\n\t\t<!-- Thumbnails -->\n\t\t\t\t<div id=\"ngg-image-0\" class=\"ngg-gallery-thumbnail-box\" \n\t\t\t>\n\t\t\t\t\t\t<div class=\"ngg-gallery-thumbnail\">\n\t\t\t<a href=\"http:\/\/www.brdainvino.si\/wp-content\/gallery\/oko\/oko4-scaled.jpg\"\n\t\t\t\ttitle=\"\"\n\t\t\t\tdata-src=\"http:\/\/www.brdainvino.si\/wp-content\/gallery\/oko\/oko4-scaled.jpg\"\n\t\t\t\tdata-thumbnail=\"http:\/\/www.brdainvino.si\/wp-content\/gallery\/oko\/thumbs\/thumbs-oko4-scaled.jpg\"\n\t\t\t\tdata-image-id=\"48\"\n\t\t\t\tdata-title=\"oko4-scaled\"\n\t\t\t\tdata-description=\"\"\n\t\t\t\tdata-image-slug=\"oko4-scaled\"\n\t\t\t\tclass=\"ngg-simplelightbox\" rel=\"a49f4a9fa56d66f5f85ace643b2c7508\">\n\t\t\t\t<img\n\t\t\t\t\ttitle=\"oko4-scaled\"\n\t\t\t\t\talt=\"oko4-scaled\"\n\t\t\t\t\tsrc=\"http:\/\/www.brdainvino.si\/wp-content\/gallery\/oko\/thumbs\/thumbs-oko4-scaled.jpg\"\n\t\t\t\t\twidth=\"240\"\n\t\t\t\t\theight=\"160\"\n\t\t\t\t\tstyle=\"max-width:100%;\"\n\t\t\t\t\/>\n\t\t\t<\/a>\n\t\t<\/div>\n\t\t\t\t\t\t\t<\/div> \n\t\t\t\n\t\t\t\t<div id=\"ngg-image-1\" class=\"ngg-gallery-thumbnail-box\" \n\t\t\t>\n\t\t\t\t\t\t<div class=\"ngg-gallery-thumbnail\">\n\t\t\t<a href=\"http:\/\/www.brdainvino.si\/wp-content\/gallery\/oko\/oko5-scaled.jpg\"\n\t\t\t\ttitle=\"\"\n\t\t\t\tdata-src=\"http:\/\/www.brdainvino.si\/wp-content\/gallery\/oko\/oko5-scaled.jpg\"\n\t\t\t\tdata-thumbnail=\"http:\/\/www.brdainvino.si\/wp-content\/gallery\/oko\/thumbs\/thumbs-oko5-scaled.jpg\"\n\t\t\t\tdata-image-id=\"47\"\n\t\t\t\tdata-title=\"oko5-scaled\"\n\t\t\t\tdata-description=\"\"\n\t\t\t\tdata-image-slug=\"oko5-scaled\"\n\t\t\t\tclass=\"ngg-simplelightbox\" rel=\"a49f4a9fa56d66f5f85ace643b2c7508\">\n\t\t\t\t<img\n\t\t\t\t\ttitle=\"oko5-scaled\"\n\t\t\t\t\talt=\"oko5-scaled\"\n\t\t\t\t\tsrc=\"http:\/\/www.brdainvino.si\/wp-content\/gallery\/oko\/thumbs\/thumbs-oko5-scaled.jpg\"\n\t\t\t\t\twidth=\"240\"\n\t\t\t\t\theight=\"160\"\n\t\t\t\t\tstyle=\"max-width:100%;\"\n\t\t\t\t\/>\n\t\t\t<\/a>\n\t\t<\/div>\n\t\t\t\t\t\t\t<\/div> \n\t\t\t\n\t\t\t\t<div id=\"ngg-image-2\" class=\"ngg-gallery-thumbnail-box\" \n\t\t\t>\n\t\t\t\t\t\t<div class=\"ngg-gallery-thumbnail\">\n\t\t\t<a href=\"http:\/\/www.brdainvino.si\/wp-content\/gallery\/oko\/oko6.jpg\"\n\t\t\t\ttitle=\"\"\n\t\t\t\tdata-src=\"http:\/\/www.brdainvino.si\/wp-content\/gallery\/oko\/oko6.jpg\"\n\t\t\t\tdata-thumbnail=\"http:\/\/www.brdainvino.si\/wp-content\/gallery\/oko\/thumbs\/thumbs-oko6.jpg\"\n\t\t\t\tdata-image-id=\"50\"\n\t\t\t\tdata-title=\"oko6\"\n\t\t\t\tdata-description=\"\"\n\t\t\t\tdata-image-slug=\"oko6\"\n\t\t\t\tclass=\"ngg-simplelightbox\" rel=\"a49f4a9fa56d66f5f85ace643b2c7508\">\n\t\t\t\t<img\n\t\t\t\t\ttitle=\"oko6\"\n\t\t\t\t\talt=\"oko6\"\n\t\t\t\t\tsrc=\"http:\/\/www.brdainvino.si\/wp-content\/gallery\/oko\/thumbs\/thumbs-oko6.jpg\"\n\t\t\t\t\twidth=\"240\"\n\t\t\t\t\theight=\"160\"\n\t\t\t\t\tstyle=\"max-width:100%;\"\n\t\t\t\t\/>\n\t\t\t<\/a>\n\t\t<\/div>\n\t\t\t\t\t\t\t<\/div> \n\t\t\t\n\t\t\t\t<div id=\"ngg-image-3\" class=\"ngg-gallery-thumbnail-box\" \n\t\t\t>\n\t\t\t\t\t\t<div class=\"ngg-gallery-thumbnail\">\n\t\t\t<a href=\"http:\/\/www.brdainvino.si\/wp-content\/gallery\/oko\/oko3.jpg\"\n\t\t\t\ttitle=\"\"\n\t\t\t\tdata-src=\"http:\/\/www.brdainvino.si\/wp-content\/gallery\/oko\/oko3.jpg\"\n\t\t\t\tdata-thumbnail=\"http:\/\/www.brdainvino.si\/wp-content\/gallery\/oko\/thumbs\/thumbs-oko3.jpg\"\n\t\t\t\tdata-image-id=\"51\"\n\t\t\t\tdata-title=\"oko3\"\n\t\t\t\tdata-description=\"\"\n\t\t\t\tdata-image-slug=\"oko3\"\n\t\t\t\tclass=\"ngg-simplelightbox\" rel=\"a49f4a9fa56d66f5f85ace643b2c7508\">\n\t\t\t\t<img\n\t\t\t\t\ttitle=\"oko3\"\n\t\t\t\t\talt=\"oko3\"\n\t\t\t\t\tsrc=\"http:\/\/www.brdainvino.si\/wp-content\/gallery\/oko\/thumbs\/thumbs-oko3.jpg\"\n\t\t\t\t\twidth=\"240\"\n\t\t\t\t\theight=\"160\"\n\t\t\t\t\tstyle=\"max-width:100%;\"\n\t\t\t\t\/>\n\t\t\t<\/a>\n\t\t<\/div>\n\t\t\t\t\t\t\t<\/div> \n\t\t\t\n\t\t\t\t<div id=\"ngg-image-4\" class=\"ngg-gallery-thumbnail-box\" \n\t\t\t>\n\t\t\t\t\t\t<div class=\"ngg-gallery-thumbnail\">\n\t\t\t<a href=\"http:\/\/www.brdainvino.si\/wp-content\/gallery\/oko\/oko7.jpg\"\n\t\t\t\ttitle=\"\"\n\t\t\t\tdata-src=\"http:\/\/www.brdainvino.si\/wp-content\/gallery\/oko\/oko7.jpg\"\n\t\t\t\tdata-thumbnail=\"http:\/\/www.brdainvino.si\/wp-content\/gallery\/oko\/thumbs\/thumbs-oko7.jpg\"\n\t\t\t\tdata-image-id=\"46\"\n\t\t\t\tdata-title=\"oko7\"\n\t\t\t\tdata-description=\"\"\n\t\t\t\tdata-image-slug=\"oko7\"\n\t\t\t\tclass=\"ngg-simplelightbox\" rel=\"a49f4a9fa56d66f5f85ace643b2c7508\">\n\t\t\t\t<img\n\t\t\t\t\ttitle=\"oko7\"\n\t\t\t\t\talt=\"oko7\"\n\t\t\t\t\tsrc=\"http:\/\/www.brdainvino.si\/wp-content\/gallery\/oko\/thumbs\/thumbs-oko7.jpg\"\n\t\t\t\t\twidth=\"240\"\n\t\t\t\t\theight=\"160\"\n\t\t\t\t\tstyle=\"max-width:100%;\"\n\t\t\t\t\/>\n\t\t\t<\/a>\n\t\t<\/div>\n\t\t\t\t\t\t\t<\/div> \n\t\t\t\n\t\t\t\t<div id=\"ngg-image-5\" class=\"ngg-gallery-thumbnail-box\" \n\t\t\t>\n\t\t\t\t\t\t<div class=\"ngg-gallery-thumbnail\">\n\t\t\t<a href=\"http:\/\/www.brdainvino.si\/wp-content\/gallery\/oko\/oko2-1.jpg\"\n\t\t\t\ttitle=\"\"\n\t\t\t\tdata-src=\"http:\/\/www.brdainvino.si\/wp-content\/gallery\/oko\/oko2-1.jpg\"\n\t\t\t\tdata-thumbnail=\"http:\/\/www.brdainvino.si\/wp-content\/gallery\/oko\/thumbs\/thumbs-oko2-1.jpg\"\n\t\t\t\tdata-image-id=\"49\"\n\t\t\t\tdata-title=\"oko2-1\"\n\t\t\t\tdata-description=\"\"\n\t\t\t\tdata-image-slug=\"oko2-1\"\n\t\t\t\tclass=\"ngg-simplelightbox\" rel=\"a49f4a9fa56d66f5f85ace643b2c7508\">\n\t\t\t\t<img\n\t\t\t\t\ttitle=\"oko2-1\"\n\t\t\t\t\talt=\"oko2-1\"\n\t\t\t\t\tsrc=\"http:\/\/www.brdainvino.si\/wp-content\/gallery\/oko\/thumbs\/thumbs-oko2-1.jpg\"\n\t\t\t\t\twidth=\"240\"\n\t\t\t\t\theight=\"160\"\n\t\t\t\t\tstyle=\"max-width:100%;\"\n\t\t\t\t\/>\n\t\t\t<\/a>\n\t\t<\/div>\n\t\t\t\t\t\t\t<\/div> \n\t\t\t\n\t\n\t<br style=\"clear: both\" \/>\n\n\t\n\t\t<!-- Pagination -->\n\t\t<div class='ngg-clear'><\/div>\t<\/div>\n\n\n\n\n<p><\/p>","protected":false},"excerpt":{"rendered":"<p>Delovanje dru\u0161tva OKO, je usmerjeno v pomo\u010d osebam z avtizmom in drugimi hendikepi. Predvsem skrbijo za izbolj\u0161anje vsakdana oseb z avtizmom. Izvajajo kreativne in pou\u010dne delavnice razli\u010dnih vsebin od kulturnih do \u0161portnih. Zaradi nepoznavanja avtizma so namre\u010d osebe z avtizmom in njihove dru\u017eine izolirane in brez mo\u017enosti vklju\u010devanja v dru\u017ebo, zato si prizadevajo ustvarjati prilo\u017enosti [&hellip;]<\/p>","protected":false},"author":1,"featured_media":0,"parent":0,"menu_order":0,"comment_status":"closed","ping_status":"closed","template":"","meta":{"ngg_post_thumbnail":0,"footnotes":""},"class_list":["post-771","page","type-page","status-publish","hentry"],"_links":{"self":[{"href":"http:\/\/www.brdainvino.si\/en\/wp-json\/wp\/v2\/pages\/771","targetHints":{"allow":["GET"]}}],"collection":[{"href":"http:\/\/www.brdainvino.si\/en\/wp-json\/wp\/v2\/pages"}],"about":[{"href":"http:\/\/www.brdainvino.si\/en\/wp-json\/wp\/v2\/types\/page"}],"author":[{"embeddable":true,"href":"http:\/\/www.brdainvino.si\/en\/wp-json\/wp\/v2\/users\/1"}],"replies":[{"embeddable":true,"href":"http:\/\/www.brdainvino.si\/en\/wp-json\/wp\/v2\/comments?post=771"}],"version-history":[{"count":100,"href":"http:\/\/www.brdainvino.si\/en\/wp-json\/wp\/v2\/pages\/771\/revisions"}],"predecessor-version":[{"id":1711,"href":"http:\/\/www.brdainvino.si\/en\/wp-json\/wp\/v2\/pages\/771\/revisions\/1711"}],"wp:attachment":[{"href":"http:\/\/www.brdainvino.si\/en\/wp-json\/wp\/v2\/media?parent=771"}],"curies":[{"name":"wp","href":"https:\/\/api.w.org\/{rel}","templated":true}]}}