{"id":7,"date":"2024-02-04T09:31:43","date_gmt":"2024-02-04T09:31:43","guid":{"rendered":"http:\/\/www.brdainvino.si\/?page_id=7"},"modified":"2026-04-09T08:38:24","modified_gmt":"2026-04-09T07:38:24","slug":"brdavino","status":"publish","type":"page","link":"http:\/\/www.brdainvino.si\/en\/","title":{"rendered":"Brda&amp;Wine"},"content":{"rendered":"<div class=\"wp-block-group alignfull has-global-padding is-layout-constrained wp-block-group-is-layout-constrained\">\n<figure class=\"wp-block-image alignfull size-full\"><img loading=\"lazy\" decoding=\"async\" width=\"2560\" height=\"1024\" src=\"http:\/\/www.brdainvino.si\/wp-content\/uploads\/2026\/03\/image_www_main_soldout-scaled-e1774512569949.jpg\" alt=\"\" class=\"wp-image-1721\" srcset=\"http:\/\/www.brdainvino.si\/wp-content\/uploads\/2026\/03\/image_www_main_soldout-scaled-e1774512569949.jpg 2560w, http:\/\/www.brdainvino.si\/wp-content\/uploads\/2026\/03\/image_www_main_soldout-scaled-e1774512569949-300x120.jpg 300w, http:\/\/www.brdainvino.si\/wp-content\/uploads\/2026\/03\/image_www_main_soldout-scaled-e1774512569949-1024x410.jpg 1024w, http:\/\/www.brdainvino.si\/wp-content\/uploads\/2026\/03\/image_www_main_soldout-scaled-e1774512569949-768x307.jpg 768w, http:\/\/www.brdainvino.si\/wp-content\/uploads\/2026\/03\/image_www_main_soldout-scaled-e1774512569949-1536x614.jpg 1536w, http:\/\/www.brdainvino.si\/wp-content\/uploads\/2026\/03\/image_www_main_soldout-scaled-e1774512569949-2048x819.jpg 2048w, http:\/\/www.brdainvino.si\/wp-content\/uploads\/2026\/03\/image_www_main_soldout-scaled-e1774512569949-18x7.jpg 18w\" sizes=\"auto, (max-width: 2560px) 100vw, 2560px\" \/><\/figure>\n<\/div>\n\n\n\n<section class=\"wp-block-group alignfull has-text-color has-background has-global-padding is-layout-constrained wp-container-core-group-is-layout-5e70687f wp-block-group-is-layout-constrained\" style=\"color:#ffffff;background-color:#fbfbfb;margin-top:0rem;padding-right:1rem;padding-left:1rem;font-size:clamp(0.875rem, 0.875rem + ((1vw - 0.2rem) * 0.227), 1rem);font-style:normal;font-weight:400;line-height:1.5\"><\/section>\n\n\n\n<section class=\"wp-block-group alignfull has-border-color has-text-color has-background has-global-padding is-layout-constrained wp-container-core-group-is-layout-38ad39fd wp-block-group-is-layout-constrained\" style=\"border-color:#00000000;border-width:9px;color:#03081e;background-color:#fffefe;margin-top:0px;padding-top:5.01rem;padding-right:1rem;padding-bottom:5.5rem;padding-left:1rem;font-size:0rem;font-style:normal;font-weight:400;line-height:1.4\">\n<div class=\"wp-block-columns is-layout-flex wp-container-core-columns-is-layout-db2df21c wp-block-columns-is-layout-flex\" style=\"margin-bottom:0px\">\n<div class=\"wp-block-column has-global-padding is-content-justification-left is-layout-constrained wp-container-core-column-is-layout-12dd3699 wp-block-column-is-layout-constrained\" style=\"flex-basis:45%\">\n<figure class=\"wp-block-image aligncenter size-full is-resized has-custom-border wp-duotone-unset-1\"><img loading=\"lazy\" decoding=\"async\" width=\"2025\" height=\"1350\" src=\"https:\/\/www.brdainvino.si\/wp-content\/uploads\/2025\/01\/Brda-in-Vino-24-354-of-383.jpg\" alt=\"\" class=\"wp-image-1050\" style=\"border-style:none;border-width:0px;border-radius:30px;width:446px\" srcset=\"http:\/\/www.brdainvino.si\/wp-content\/uploads\/2025\/01\/Brda-in-Vino-24-354-of-383.jpg 2025w, http:\/\/www.brdainvino.si\/wp-content\/uploads\/2025\/01\/Brda-in-Vino-24-354-of-383-300x200.jpg 300w, http:\/\/www.brdainvino.si\/wp-content\/uploads\/2025\/01\/Brda-in-Vino-24-354-of-383-1024x683.jpg 1024w, http:\/\/www.brdainvino.si\/wp-content\/uploads\/2025\/01\/Brda-in-Vino-24-354-of-383-768x512.jpg 768w, http:\/\/www.brdainvino.si\/wp-content\/uploads\/2025\/01\/Brda-in-Vino-24-354-of-383-1536x1024.jpg 1536w, http:\/\/www.brdainvino.si\/wp-content\/uploads\/2025\/01\/Brda-in-Vino-24-354-of-383-18x12.jpg 18w\" sizes=\"auto, (max-width: 2025px) 100vw, 2025px\" \/><\/figure>\n<\/div>\n\n\n\n<div class=\"wp-block-column is-layout-flow wp-block-column-is-layout-flow\">\n<div class=\"wp-block-group is-vertical is-content-justification-left is-layout-flex wp-container-core-group-is-layout-c5d44cae wp-block-group-is-layout-flex\" style=\"min-height:100%\">\n<div class=\"wp-block-group has-text-color has-link-color wp-elements-f4d4d4eb1414abe611c6f00680daf24b has-global-padding is-content-justification-center is-layout-constrained wp-container-core-group-is-layout-b15c80d6 wp-block-group-is-layout-constrained\" style=\"color:#ffffff\">\n<h3 class=\"wp-block-heading has-text-align-left has-text-color has-prata-regular-font-family\" style=\"color:#000000;margin-top:0.5rem;margin-bottom:1.01rem;font-size:clamp(1.556rem, 1.556rem + ((1vw - 0.2rem) * 1.916), 2.61rem);font-style:normal;font-weight:400;letter-spacing:0px;line-height:1.3;text-transform:capitalize\">More about event<\/h3>\n\n\n\n<p class=\"has-text-align-left has-text-color\" style=\"color:#060606;margin-top:0rem;font-size:clamp(0.875rem, 0.875rem + ((1vw - 0.2rem) * 0.609), 1.21rem);font-style:normal;font-weight:400;line-height:1.6\">The organizing team Patricija Pirih, Eva and Sebastjan Mavri\u010d, Vesna and Bogdan Valentin\u010di\u010d ensure that the wine and culinary event Brda&amp;Wine takes place in \u0160martno every year.<\/p>\n\n\n\n<div class=\"wp-block-group has-global-padding is-content-justification-left is-layout-constrained wp-container-core-group-is-layout-30c9064c wp-block-group-is-layout-constrained\" style=\"margin-top:0px\">\n<div class=\"wp-block-buttons is-horizontal is-content-justification-left is-layout-flex wp-container-core-buttons-is-layout-50dd055c wp-block-buttons-is-layout-flex\" style=\"margin-top:2.51rem\">\n<div class=\"wp-block-button has-custom-width wp-block-button__width-100 is-style-outline is-style-outline--2\"><a class=\"wp-block-button__link has-text-color has-background has-border-color has-prata-regular-font-family has-custom-font-size wp-element-button\" href=\"http:\/\/www.brdainvino.si\/en\/o-dogodku\/\" style=\"border-color:#000001;border-style:solid;border-width:2px;border-radius:2.5rem;color:#ffffff;background-color:#750130;padding-top:1.1rem;padding-right:0.81rem;padding-bottom:1.1rem;padding-left:0.81rem;font-size:clamp(0.875rem, 0.875rem + ((1vw - 0.2rem) * 0.609), 1.21rem);font-style:normal;font-weight:400;line-height:0.6;text-transform:uppercase\">More...<\/a><\/div>\n<\/div>\n<\/div>\n<\/div>\n<\/div>\n<\/div>\n<\/div>\n<\/section>\n\n\n\n<section class=\"wp-block-group alignfull has-text-color is-vertical is-content-justification-center is-layout-flex wp-container-core-group-is-layout-8e8fcc2e wp-block-group-is-layout-flex has-background\" style=\"border-style:none;border-width:0px;border-radius:0px;color:#3e3e3e;min-height:0px;margin-top:0rem;padding-right:1rem;padding-left:1rem;font-size:0.6rem;font-style:normal;font-weight:400;line-height:1.2;background-image:url(&apos;http:\/\/www.brdainvino.si\/wp-content\/uploads\/2024\/02\/Untitled-design-1.png&apos;);background-size:cover;\">\n<div class=\"wp-block-group has-medium-font-size has-global-padding is-layout-constrained wp-block-group-is-layout-constrained\" style=\"min-height:0px;padding-top:7.01rem;padding-bottom:7.01rem\">\n<h2 class=\"wp-block-heading has-text-align-center has-text-color has-prata-regular-font-family\" style=\"color:#000000;margin-bottom:3.01rem;font-size:clamp(1.605rem, 1.605rem + ((1vw - 0.2rem) * 2.009), 2.71rem);font-style:normal;font-weight:500;line-height:1.3;text-transform:capitalize\">Why visit Brda&amp;Wine?<\/h2>\n\n\n\n<div class=\"wp-block-columns is-layout-flex wp-container-core-columns-is-layout-85231905 wp-block-columns-is-layout-flex\">\n<div class=\"wp-block-column has-global-padding is-layout-constrained wp-container-core-column-is-layout-29cfd2c5 wp-block-column-is-layout-constrained\">\n<div class=\"wp-block-group is-vertical is-content-justification-center is-layout-flex wp-container-core-group-is-layout-2fb0886f wp-block-group-is-layout-flex\" style=\"min-height:177px\">\n<p class=\"has-text-align-center has-text-color has-link-color wp-elements-6ffbf7a099a2d99a881614713e293ac0\" style=\"color:#000000;font-size:clamp(16.293px, 1.018rem + ((1vw - 3.2px) * 0.989), 25px);\"><\/p>\n\n\n\n<p class=\"has-text-align-center has-text-color has-link-color wp-elements-372bfb70b957d04046f0f43dcdfce6cf\" style=\"color:#000000;font-size:clamp(15.197px, 0.95rem + ((1vw - 3.2px) * 0.887), 23px);\"><em>Good wine, good food and music, you can't go wrong with this trio!<\/em><\/p>\n\n\n\n<p><\/p>\n\n\n\n<p class=\"has-text-align-center has-text-color has-link-color has-prata-regular-font-family wp-elements-d59847425bfb9b84656389cf4e1afb8d\" style=\"color:#161616;margin-top:0px;font-size:0.85rem;font-style:normal;font-weight:500;line-height:1.5;text-transform:uppercase\">PATRICIJA PIRIH<\/p>\n\n\n\n<p><\/p>\n<\/div>\n<\/div>\n<\/div>\n<\/div>\n<\/section>\n\n\n\n<div class=\"wp-block-group alignfull has-background has-global-padding is-layout-constrained wp-container-core-group-is-layout-3d07e3dc wp-block-group-is-layout-constrained\" style=\"background-color:#ffffff;margin-top:0px;margin-bottom:0px;padding-top:30px;padding-right:20px;padding-bottom:30px;padding-left:20px\">\n<div class=\"wp-block-group has-prata-regular-font-family has-large-font-size is-vertical is-content-justification-center is-layout-flex wp-container-core-group-is-layout-ce155fab wp-block-group-is-layout-flex\">\n<p class=\"has-text-align-center\">SPONSORS<\/p>\n\n\n\n<div class=\"wp-block-columns is-layout-flex wp-container-core-columns-is-layout-28f84493 wp-block-columns-is-layout-flex\">\n<div class=\"wp-block-column is-layout-flow wp-block-column-is-layout-flow\"><\/div>\n<\/div>\n<\/div>\n\n\n\n<figure class=\"wp-block-image aligncenter size-full is-resized\"><a href=\"https:\/\/alpacem.si\" target=\"_blank\" rel=\" noreferrer noopener\"><img loading=\"lazy\" decoding=\"async\" width=\"796\" height=\"200\" src=\"http:\/\/www.brdainvino.si\/wp-content\/uploads\/2024\/04\/logo_Alpacem.png\" alt=\"\" class=\"wp-image-863\" style=\"aspect-ratio:3.9811498586239398;width:536px;height:auto\" srcset=\"http:\/\/www.brdainvino.si\/wp-content\/uploads\/2024\/04\/logo_Alpacem.png 796w, http:\/\/www.brdainvino.si\/wp-content\/uploads\/2024\/04\/logo_Alpacem-300x75.png 300w, http:\/\/www.brdainvino.si\/wp-content\/uploads\/2024\/04\/logo_Alpacem-768x193.png 768w, http:\/\/www.brdainvino.si\/wp-content\/uploads\/2024\/04\/logo_Alpacem-18x5.png 18w\" sizes=\"auto, (max-width: 796px) 100vw, 796px\" \/><\/a><\/figure>\n\n\n\n<figure class=\"wp-block-image aligncenter size-full is-resized\"><a href=\"https:\/\/www.dana.si\/\" target=\"_blank\" rel=\" noreferrer noopener\"><img loading=\"lazy\" decoding=\"async\" width=\"640\" height=\"187\" src=\"http:\/\/www.brdainvino.si\/wp-content\/uploads\/2024\/03\/logo.png\" alt=\"\" class=\"wp-image-728\" style=\"aspect-ratio:3.422662136209189;width:478px;height:auto\" srcset=\"http:\/\/www.brdainvino.si\/wp-content\/uploads\/2024\/03\/logo.png 640w, http:\/\/www.brdainvino.si\/wp-content\/uploads\/2024\/03\/logo-300x88.png 300w, http:\/\/www.brdainvino.si\/wp-content\/uploads\/2024\/03\/logo-18x5.png 18w\" sizes=\"auto, (max-width: 640px) 100vw, 640px\" \/><\/a><\/figure>\n\n\n\n<figure class=\"wp-block-image aligncenter size-full is-resized\" style=\"margin-top:0;margin-right:0;margin-bottom:0;margin-left:0\"><a href=\"https:\/\/si.intra-lighting.com\" target=\"_blank\" rel=\" noreferrer noopener\"><img loading=\"lazy\" decoding=\"async\" width=\"697\" height=\"697\" src=\"https:\/\/www.brdainvino.si\/wp-content\/uploads\/2026\/03\/intra.jpg\" alt=\"\" class=\"wp-image-1726\" style=\"width:300px;height:auto\" srcset=\"http:\/\/www.brdainvino.si\/wp-content\/uploads\/2026\/03\/intra.jpg 697w, http:\/\/www.brdainvino.si\/wp-content\/uploads\/2026\/03\/intra-300x300.jpg 300w, http:\/\/www.brdainvino.si\/wp-content\/uploads\/2026\/03\/intra-150x150.jpg 150w, http:\/\/www.brdainvino.si\/wp-content\/uploads\/2026\/03\/intra-12x12.jpg 12w\" sizes=\"auto, (max-width: 697px) 100vw, 697px\" \/><\/a><\/figure>\n\n\n\n<figure class=\"wp-block-image size-large\" style=\"margin-top:0;margin-right:0;margin-bottom:0;margin-left:0\"><a href=\"https:\/\/www.frikus.com\/en\" target=\"_blank\" rel=\" noreferrer noopener\"><img loading=\"lazy\" decoding=\"async\" width=\"1024\" height=\"170\" src=\"https:\/\/www.brdainvino.si\/wp-content\/uploads\/2025\/04\/frikus-logo_NEU-002-1024x170.jpg\" alt=\"\" class=\"wp-image-1466\" style=\"aspect-ratio:6.024270252541817\" srcset=\"http:\/\/www.brdainvino.si\/wp-content\/uploads\/2025\/04\/frikus-logo_NEU-002-1024x170.jpg 1024w, http:\/\/www.brdainvino.si\/wp-content\/uploads\/2025\/04\/frikus-logo_NEU-002-300x50.jpg 300w, http:\/\/www.brdainvino.si\/wp-content\/uploads\/2025\/04\/frikus-logo_NEU-002-768x128.jpg 768w, http:\/\/www.brdainvino.si\/wp-content\/uploads\/2025\/04\/frikus-logo_NEU-002-1536x255.jpg 1536w, http:\/\/www.brdainvino.si\/wp-content\/uploads\/2025\/04\/frikus-logo_NEU-002-18x3.jpg 18w, http:\/\/www.brdainvino.si\/wp-content\/uploads\/2025\/04\/frikus-logo_NEU-002.jpg 1841w\" sizes=\"auto, (max-width: 1024px) 100vw, 1024px\" \/><\/a><\/figure>\n\n\n\n<figure class=\"wp-block-image aligncenter size-full is-resized\"><a href=\"https:\/\/klet-brda.si\/\" target=\"_blank\" rel=\" noreferrer noopener\"><img loading=\"lazy\" decoding=\"async\" width=\"909\" height=\"909\" src=\"http:\/\/www.brdainvino.si\/wp-content\/uploads\/2024\/02\/327558187_915418832788808_3183797863489730989_n.jpg\" alt=\"\" class=\"wp-image-143\" style=\"width:264px;height:auto\" srcset=\"http:\/\/www.brdainvino.si\/wp-content\/uploads\/2024\/02\/327558187_915418832788808_3183797863489730989_n.jpg 909w, http:\/\/www.brdainvino.si\/wp-content\/uploads\/2024\/02\/327558187_915418832788808_3183797863489730989_n-300x300.jpg 300w, http:\/\/www.brdainvino.si\/wp-content\/uploads\/2024\/02\/327558187_915418832788808_3183797863489730989_n-150x150.jpg 150w, http:\/\/www.brdainvino.si\/wp-content\/uploads\/2024\/02\/327558187_915418832788808_3183797863489730989_n-768x768.jpg 768w, http:\/\/www.brdainvino.si\/wp-content\/uploads\/2024\/02\/327558187_915418832788808_3183797863489730989_n-12x12.jpg 12w\" sizes=\"auto, (max-width: 909px) 100vw, 909px\" \/><\/a><\/figure>\n\n\n\n<figure class=\"wp-block-image aligncenter size-full is-resized\"><a href=\"https:\/\/www.venko.si\/\" target=\"_blank\" rel=\" noreferrer noopener\"><img loading=\"lazy\" decoding=\"async\" width=\"450\" height=\"262\" src=\"http:\/\/www.brdainvino.si\/wp-content\/uploads\/2024\/03\/11131-1510825331.jpg\" alt=\"\" class=\"wp-image-632\" style=\"aspect-ratio:1.7176938369781312;width:401px;height:auto\" srcset=\"http:\/\/www.brdainvino.si\/wp-content\/uploads\/2024\/03\/11131-1510825331.jpg 450w, http:\/\/www.brdainvino.si\/wp-content\/uploads\/2024\/03\/11131-1510825331-300x175.jpg 300w, http:\/\/www.brdainvino.si\/wp-content\/uploads\/2024\/03\/11131-1510825331-18x10.jpg 18w\" sizes=\"auto, (max-width: 450px) 100vw, 450px\" \/><\/a><\/figure>\n\n\n\n<figure class=\"wp-block-image aligncenter size-full is-resized\"><a href=\"https:\/\/alpacem.si\" target=\"_blank\" rel=\" noreferrer noopener\"><img loading=\"lazy\" decoding=\"async\" width=\"928\" height=\"359\" src=\"http:\/\/www.brdainvino.si\/wp-content\/uploads\/2024\/04\/alpacem-Cement-e1713370161479.jpg\" alt=\"\" class=\"wp-image-935\" style=\"aspect-ratio:2.5851354710415113;width:256px;height:auto\" srcset=\"http:\/\/www.brdainvino.si\/wp-content\/uploads\/2024\/04\/alpacem-Cement-e1713370161479.jpg 928w, http:\/\/www.brdainvino.si\/wp-content\/uploads\/2024\/04\/alpacem-Cement-e1713370161479-300x116.jpg 300w, http:\/\/www.brdainvino.si\/wp-content\/uploads\/2024\/04\/alpacem-Cement-e1713370161479-768x297.jpg 768w, http:\/\/www.brdainvino.si\/wp-content\/uploads\/2024\/04\/alpacem-Cement-e1713370161479-18x7.jpg 18w\" sizes=\"auto, (max-width: 928px) 100vw, 928px\" \/><\/a><\/figure>\n\n\n\n<div class=\"wp-block-group has-global-padding is-layout-constrained wp-block-group-is-layout-constrained\">\n<figure class=\"wp-block-image aligncenter size-large is-resized\" style=\"margin-top:300;margin-right:300;margin-bottom:300;margin-left:300\"><a href=\"http:\/\/cvp.si\" target=\"_blank\" rel=\" noreferrer noopener\"><img loading=\"lazy\" decoding=\"async\" width=\"1024\" height=\"725\" src=\"http:\/\/www.brdainvino.si\/wp-content\/uploads\/2025\/04\/logo_CVP_page-0001-1024x725.jpg\" alt=\"\" class=\"wp-image-1475\" style=\"aspect-ratio:1.4125323865272046;width:232px;height:auto\" srcset=\"http:\/\/www.brdainvino.si\/wp-content\/uploads\/2025\/04\/logo_CVP_page-0001-1024x725.jpg 1024w, http:\/\/www.brdainvino.si\/wp-content\/uploads\/2025\/04\/logo_CVP_page-0001-300x212.jpg 300w, http:\/\/www.brdainvino.si\/wp-content\/uploads\/2025\/04\/logo_CVP_page-0001-768x543.jpg 768w, http:\/\/www.brdainvino.si\/wp-content\/uploads\/2025\/04\/logo_CVP_page-0001-1536x1087.jpg 1536w, http:\/\/www.brdainvino.si\/wp-content\/uploads\/2025\/04\/logo_CVP_page-0001-18x12.jpg 18w, http:\/\/www.brdainvino.si\/wp-content\/uploads\/2025\/04\/logo_CVP_page-0001.jpg 1754w\" sizes=\"auto, (max-width: 1024px) 100vw, 1024px\" \/><\/a><\/figure>\n<\/div>\n\n\n\n<figure class=\"wp-block-image aligncenter size-full is-resized\"><a href=\"https:\/\/www.komunala-ng.si\/sl\/\" target=\"_blank\" rel=\" noreferrer noopener\"><img loading=\"lazy\" decoding=\"async\" width=\"341\" height=\"341\" src=\"http:\/\/www.brdainvino.si\/wp-content\/uploads\/2026\/03\/480502369_942953791324344_3147192271406719546_n.jpg\" alt=\"\" class=\"wp-image-1694\" style=\"width:167px;height:auto\" srcset=\"http:\/\/www.brdainvino.si\/wp-content\/uploads\/2026\/03\/480502369_942953791324344_3147192271406719546_n.jpg 341w, http:\/\/www.brdainvino.si\/wp-content\/uploads\/2026\/03\/480502369_942953791324344_3147192271406719546_n-300x300.jpg 300w, http:\/\/www.brdainvino.si\/wp-content\/uploads\/2026\/03\/480502369_942953791324344_3147192271406719546_n-150x150.jpg 150w, http:\/\/www.brdainvino.si\/wp-content\/uploads\/2026\/03\/480502369_942953791324344_3147192271406719546_n-12x12.jpg 12w\" sizes=\"auto, (max-width: 341px) 100vw, 341px\" \/><\/a><\/figure>\n<\/div>\n\n\n\n<figure class=\"wp-block-image aligncenter size-full is-resized\"><a href=\"https:\/\/nanni.si\/\" target=\"_blank\" rel=\" noreferrer noopener\"><img loading=\"lazy\" decoding=\"async\" width=\"340\" height=\"340\" src=\"https:\/\/www.brdainvino.si\/wp-content\/uploads\/2026\/03\/264246169_4885648398125087_2950702466143575869_n.jpg\" alt=\"\" class=\"wp-image-1713\" style=\"width:113px;height:auto\" srcset=\"http:\/\/www.brdainvino.si\/wp-content\/uploads\/2026\/03\/264246169_4885648398125087_2950702466143575869_n.jpg 340w, http:\/\/www.brdainvino.si\/wp-content\/uploads\/2026\/03\/264246169_4885648398125087_2950702466143575869_n-300x300.jpg 300w, http:\/\/www.brdainvino.si\/wp-content\/uploads\/2026\/03\/264246169_4885648398125087_2950702466143575869_n-150x150.jpg 150w, http:\/\/www.brdainvino.si\/wp-content\/uploads\/2026\/03\/264246169_4885648398125087_2950702466143575869_n-12x12.jpg 12w\" sizes=\"auto, (max-width: 340px) 100vw, 340px\" \/><\/a><\/figure>\n\n\n\n<figure class=\"wp-block-image aligncenter size-full is-resized\"><a href=\"https:\/\/elektro-primorska.si\" target=\"_blank\" rel=\" noreferrer noopener\"><img loading=\"lazy\" decoding=\"async\" width=\"1200\" height=\"492\" src=\"http:\/\/www.brdainvino.si\/wp-content\/uploads\/2024\/04\/elektro-primorska.jpg\" alt=\"\" class=\"wp-image-936\" style=\"aspect-ratio:2.4399460188933872;width:241px;height:auto\" srcset=\"http:\/\/www.brdainvino.si\/wp-content\/uploads\/2024\/04\/elektro-primorska.jpg 1200w, http:\/\/www.brdainvino.si\/wp-content\/uploads\/2024\/04\/elektro-primorska-300x123.jpg 300w, http:\/\/www.brdainvino.si\/wp-content\/uploads\/2024\/04\/elektro-primorska-1024x420.jpg 1024w, http:\/\/www.brdainvino.si\/wp-content\/uploads\/2024\/04\/elektro-primorska-768x315.jpg 768w, http:\/\/www.brdainvino.si\/wp-content\/uploads\/2024\/04\/elektro-primorska-18x7.jpg 18w\" sizes=\"auto, (max-width: 1200px) 100vw, 1200px\" \/><\/a><\/figure>\n\n\n\n<div class=\"wp-block-group has-global-padding is-layout-constrained wp-block-group-is-layout-constrained\">\n<figure class=\"wp-block-image aligncenter size-full is-resized\"><a href=\"https:\/\/laborplast.si\/\"><img loading=\"lazy\" decoding=\"async\" width=\"185\" height=\"99\" src=\"http:\/\/www.brdainvino.si\/wp-content\/uploads\/2024\/03\/katalog_logo.png\" alt=\"\" class=\"wp-image-725\" style=\"aspect-ratio:1.868870523415978;width:139px;height:auto\" srcset=\"http:\/\/www.brdainvino.si\/wp-content\/uploads\/2024\/03\/katalog_logo.png 185w, http:\/\/www.brdainvino.si\/wp-content\/uploads\/2024\/03\/katalog_logo-18x10.png 18w\" sizes=\"auto, (max-width: 185px) 100vw, 185px\" \/><\/a><\/figure>\n\n\n\n<figure class=\"wp-block-image aligncenter size-full is-resized\"><a href=\"https:\/\/slovenskenovice.delo.si\" target=\"_blank\" rel=\" noreferrer noopener\"><img loading=\"lazy\" decoding=\"async\" width=\"366\" height=\"138\" src=\"http:\/\/www.brdainvino.si\/wp-content\/uploads\/2024\/04\/SLOVENSKE-NOVICE-LOGO1.png\" alt=\"\" class=\"wp-image-939\" style=\"aspect-ratio:1.868870523415978;width:163px;height:auto\" srcset=\"http:\/\/www.brdainvino.si\/wp-content\/uploads\/2024\/04\/SLOVENSKE-NOVICE-LOGO1.png 366w, http:\/\/www.brdainvino.si\/wp-content\/uploads\/2024\/04\/SLOVENSKE-NOVICE-LOGO1-300x113.png 300w, http:\/\/www.brdainvino.si\/wp-content\/uploads\/2024\/04\/SLOVENSKE-NOVICE-LOGO1-18x7.png 18w\" sizes=\"auto, (max-width: 366px) 100vw, 366px\" \/><\/a><\/figure>\n\n\n\n<figure class=\"wp-block-image aligncenter size-full is-resized\"><a href=\"https:\/\/copigraf.si\" target=\"_blank\" rel=\" noreferrer noopener\"><img loading=\"lazy\" decoding=\"async\" width=\"265\" height=\"96\" src=\"http:\/\/www.brdainvino.si\/wp-content\/uploads\/2024\/04\/logo-COPYGRAF.png\" alt=\"\" class=\"wp-image-915\" style=\"aspect-ratio:1.868870523415978;width:163px;height:auto\" srcset=\"http:\/\/www.brdainvino.si\/wp-content\/uploads\/2024\/04\/logo-COPYGRAF.png 265w, http:\/\/www.brdainvino.si\/wp-content\/uploads\/2024\/04\/logo-COPYGRAF-18x7.png 18w\" sizes=\"auto, (max-width: 265px) 100vw, 265px\" \/><\/a><\/figure>\n<\/div>\n\n\n\n<figure class=\"wp-block-image aligncenter size-large is-resized\"><a href=\"https:\/\/www.zav-sava.si\/\" target=\"_blank\" rel=\" noreferrer noopener\"><img loading=\"lazy\" decoding=\"async\" width=\"1024\" height=\"345\" src=\"http:\/\/www.brdainvino.si\/wp-content\/uploads\/2025\/04\/Logo-color-Sava.jpg-CMYK-1024x345.jpg\" alt=\"\" class=\"wp-image-1429\" style=\"aspect-ratio:2.9682483053870854;width:132px;height:auto\" srcset=\"http:\/\/www.brdainvino.si\/wp-content\/uploads\/2025\/04\/Logo-color-Sava.jpg-CMYK-1024x345.jpg 1024w, http:\/\/www.brdainvino.si\/wp-content\/uploads\/2025\/04\/Logo-color-Sava.jpg-CMYK-300x101.jpg 300w, http:\/\/www.brdainvino.si\/wp-content\/uploads\/2025\/04\/Logo-color-Sava.jpg-CMYK-768x259.jpg 768w, http:\/\/www.brdainvino.si\/wp-content\/uploads\/2025\/04\/Logo-color-Sava.jpg-CMYK-1536x517.jpg 1536w, http:\/\/www.brdainvino.si\/wp-content\/uploads\/2025\/04\/Logo-color-Sava.jpg-CMYK-18x6.jpg 18w, http:\/\/www.brdainvino.si\/wp-content\/uploads\/2025\/04\/Logo-color-Sava.jpg-CMYK.jpg 1556w\" sizes=\"auto, (max-width: 1024px) 100vw, 1024px\" \/><\/a><\/figure>\n\n\n\n<figure class=\"wp-block-image aligncenter size-full is-resized\"><a href=\"https:\/\/www.facebook.com\/p\/Cvetli\u010darna-Nata\u0161a-in-Vrtnarija-v-Medani-100057281178470\/\" target=\"_blank\" rel=\" noreferrer noopener\"><img loading=\"lazy\" decoding=\"async\" width=\"788\" height=\"788\" src=\"http:\/\/www.brdainvino.si\/wp-content\/uploads\/2024\/04\/logo-cvetlicarna-natasa-logo-medana-002-1.png\" alt=\"\" class=\"wp-image-919\" style=\"width:138px;height:auto\" srcset=\"http:\/\/www.brdainvino.si\/wp-content\/uploads\/2024\/04\/logo-cvetlicarna-natasa-logo-medana-002-1.png 788w, http:\/\/www.brdainvino.si\/wp-content\/uploads\/2024\/04\/logo-cvetlicarna-natasa-logo-medana-002-1-300x300.png 300w, http:\/\/www.brdainvino.si\/wp-content\/uploads\/2024\/04\/logo-cvetlicarna-natasa-logo-medana-002-1-150x150.png 150w, http:\/\/www.brdainvino.si\/wp-content\/uploads\/2024\/04\/logo-cvetlicarna-natasa-logo-medana-002-1-768x768.png 768w, http:\/\/www.brdainvino.si\/wp-content\/uploads\/2024\/04\/logo-cvetlicarna-natasa-logo-medana-002-1-12x12.png 12w\" sizes=\"auto, (max-width: 788px) 100vw, 788px\" \/><\/a><\/figure>\n\n\n\n<figure class=\"wp-block-image aligncenter size-full is-resized\"><img loading=\"lazy\" decoding=\"async\" width=\"608\" height=\"224\" src=\"http:\/\/www.brdainvino.si\/wp-content\/uploads\/2024\/04\/inspectus.png\" alt=\"\" class=\"wp-image-938\" style=\"aspect-ratio:2.7150322778973255;width:164px;height:auto\" srcset=\"http:\/\/www.brdainvino.si\/wp-content\/uploads\/2024\/04\/inspectus.png 608w, http:\/\/www.brdainvino.si\/wp-content\/uploads\/2024\/04\/inspectus-300x111.png 300w, http:\/\/www.brdainvino.si\/wp-content\/uploads\/2024\/04\/inspectus-18x7.png 18w\" sizes=\"auto, (max-width: 608px) 100vw, 608px\" \/><\/figure>","protected":false},"excerpt":{"rendered":"<p>O Dogodku Organizatorska ekipa Patricija Pirih, Eva in Sebastjan Mavri\u010d, Vesna in Bogdan Valentin\u010di\u010d vsako leto poskrbijo, da v \u0160martnem poteka vinsko-kulinari\u010dni dogodek Brda&amp;Vino. zakaj obiskati brda&amp;vino? Dobro vino, dobra hrana in glasba, s to trojico ne more\u0161 usekati mimo! PATRICIJA PIRIH SPONZORJI<\/p>","protected":false},"author":1,"featured_media":0,"parent":0,"menu_order":0,"comment_status":"closed","ping_status":"closed","template":"","meta":{"ngg_post_thumbnail":0,"footnotes":""},"class_list":["post-7","page","type-page","status-publish","hentry"],"_links":{"self":[{"href":"http:\/\/www.brdainvino.si\/en\/wp-json\/wp\/v2\/pages\/7","targetHints":{"allow":["GET"]}}],"collection":[{"href":"http:\/\/www.brdainvino.si\/en\/wp-json\/wp\/v2\/pages"}],"about":[{"href":"http:\/\/www.brdainvino.si\/en\/wp-json\/wp\/v2\/types\/page"}],"author":[{"embeddable":true,"href":"http:\/\/www.brdainvino.si\/en\/wp-json\/wp\/v2\/users\/1"}],"replies":[{"embeddable":true,"href":"http:\/\/www.brdainvino.si\/en\/wp-json\/wp\/v2\/comments?post=7"}],"version-history":[{"count":291,"href":"http:\/\/www.brdainvino.si\/en\/wp-json\/wp\/v2\/pages\/7\/revisions"}],"predecessor-version":[{"id":1767,"href":"http:\/\/www.brdainvino.si\/en\/wp-json\/wp\/v2\/pages\/7\/revisions\/1767"}],"wp:attachment":[{"href":"http:\/\/www.brdainvino.si\/en\/wp-json\/wp\/v2\/media?parent=7"}],"curies":[{"name":"wp","href":"https:\/\/api.w.org\/{rel}","templated":true}]}}