{"id":22,"date":"2024-02-04T09:33:29","date_gmt":"2024-02-04T09:33:29","guid":{"rendered":"http:\/\/www.brdainvino.si\/?page_id=22"},"modified":"2026-03-12T11:42:58","modified_gmt":"2026-03-12T10:42:58","slug":"domaca-trznica","status":"publish","type":"page","link":"http:\/\/www.brdainvino.si\/en\/domaca-trznica\/","title":{"rendered":"Local market"},"content":{"rendered":"<div class=\"wp-block-cover alignfull has-small-font-size\" style=\"min-height:486px;aspect-ratio:unset;\"><img loading=\"lazy\" decoding=\"async\" width=\"2025\" height=\"1351\" class=\"wp-block-cover__image-background wp-image-131\" alt=\"\" src=\"http:\/\/www.brdainvino.si\/wp-content\/uploads\/2024\/02\/bv23.jpg\" style=\"object-position:58% 35%\" data-object-fit=\"cover\" data-object-position=\"58% 35%\" srcset=\"http:\/\/www.brdainvino.si\/wp-content\/uploads\/2024\/02\/bv23.jpg 2025w, http:\/\/www.brdainvino.si\/wp-content\/uploads\/2024\/02\/bv23-300x200.jpg 300w, http:\/\/www.brdainvino.si\/wp-content\/uploads\/2024\/02\/bv23-1024x683.jpg 1024w, http:\/\/www.brdainvino.si\/wp-content\/uploads\/2024\/02\/bv23-768x512.jpg 768w, http:\/\/www.brdainvino.si\/wp-content\/uploads\/2024\/02\/bv23-1536x1025.jpg 1536w, http:\/\/www.brdainvino.si\/wp-content\/uploads\/2024\/02\/bv23-18x12.jpg 18w\" sizes=\"auto, (max-width: 2025px) 100vw, 2025px\" \/><span aria-hidden=\"true\" class=\"wp-block-cover__background has-black-background-color has-background-dim\"><\/span><div class=\"wp-block-cover__inner-container has-global-padding is-layout-constrained wp-block-cover-is-layout-constrained\">\n<div style=\"height:70px\" aria-hidden=\"true\" class=\"wp-block-spacer\"><\/div>\n\n\n\n<h2 class=\"wp-block-heading has-text-align-center has-text-color has-prata-regular-font-family\" style=\"color:#ffffff;margin-bottom:0;font-size:clamp(29.768px, 1.861rem + ((1vw - 3.2px) * 2.526), 52px);font-style:normal;font-weight:700;line-height:1\">Local market<\/h2>\n\n\n\n<h2 class=\"wp-block-heading has-text-align-center has-text-color has-prata-regular-font-family\" style=\"color:#ffffff;margin-bottom:0;font-size:clamp(29.768px, 1.861rem + ((1vw - 3.2px) * 2.526), 52px);font-style:normal;font-weight:700;line-height:1\">Brda&amp;Vino 2026<\/h2>\n<\/div><\/div>\n\n\n\n<p><a href=\"https:\/\/www.facebook.com\/p\/%C4%8Cebelarstvo-in-oljkarstvo-Jericijo-61559410213441\/\" data-type=\"link\" data-id=\"https:\/\/www.facebook.com\/p\/%C4%8Cebelarstvo-in-oljkarstvo-Jericijo-61559410213441\/\" target=\"_blank\" rel=\"noreferrer noopener\">\u010cEBELARSTVO IN OLJKARSTVO JERICIJO<\/a><\/p>\n\n\n\n<p><a href=\"https:\/\/www.instagram.com\/cesplja_\/\" data-type=\"link\" data-id=\"https:\/\/www.instagram.com\/cesplja_\/\" target=\"_blank\" rel=\"noreferrer noopener\">\u010cE\u0160PLJA<\/a><\/p>\n\n\n\n<p><a href=\"https:\/\/www.facebook.com\/profile.php?id=100087387127891&amp;sk=about\" data-type=\"link\" data-id=\"https:\/\/www.facebook.com\/profile.php?id=100087387127891&amp;sk=about\" target=\"_blank\" rel=\"noreferrer noopener\">DOLORES LI\u010cEN GA\u0160PARIN<\/a><\/p>\n\n\n\n<p>GASTRONOMIJA SALAMI BERNARDIS<\/p>\n\n\n\n<p><a href=\"https:\/\/www.gorencdelikatessen.com\/\" data-type=\"link\" data-id=\"https:\/\/www.gorencdelikatessen.com\/\" target=\"_blank\" rel=\"noreferrer noopener\">GORENC DELIKATESSEN<\/a><\/p>\n\n\n\n<p><a href=\"https:\/\/drnovscek.si\/\" data-type=\"link\" data-id=\"https:\/\/drnovscek.si\/\" target=\"_blank\" rel=\"noreferrer noopener\">KMETIJA DRNOV\u0160\u010cEK<\/a><\/p>\n\n\n\n<p><a href=\"https:\/\/www.kmetijamarkocic.si\/\" data-type=\"link\" data-id=\"https:\/\/www.kmetijamarkocic.si\/\" target=\"_blank\" rel=\"noreferrer noopener\">KMETIJA MARKO\u010cI\u010c<\/a><\/p>\n\n\n\n<p><a href=\"https:\/\/www.maqfino.si\/\" data-type=\"link\" data-id=\"https:\/\/www.maqfino.si\/\" target=\"_blank\" rel=\"noreferrer noopener\">MAQFINO<\/a><\/p>\n\n\n\n<p><a href=\"https:\/\/fireofnorik.com\/\" data-type=\"link\" data-id=\"https:\/\/fireofnorik.com\/\" target=\"_blank\" rel=\"noreferrer noopener\">NORI\u0160KI OGENJ<\/a><\/p>\n\n\n\n<p><a href=\"https:\/\/kikrca.si\/\" data-type=\"link\" data-id=\"https:\/\/kikrca.si\/\" target=\"_blank\" rel=\"noreferrer noopener\">SADNO ZELI\u0160\u010cNA HI\u0160A KIKRCA<\/a><\/p>\n\n\n\n<p><a href=\"https:\/\/www.facebook.com\/p\/Samo-dwobro-100054290047504\/\" data-type=\"link\" data-id=\"https:\/\/www.facebook.com\/p\/Samo-dwobro-100054290047504\/\" target=\"_blank\" rel=\"noreferrer noopener\">SAMO DWOBRO &#8211; DOMA\u010cIJA HAMEJA<\/a><\/p>\n\n\n\n<p><a href=\"https:\/\/www.facebook.com\/people\/SILI-NUTS\/61585226642713\/\" data-type=\"link\" data-id=\"https:\/\/www.facebook.com\/people\/SILI-NUTS\/61585226642713\/\" target=\"_blank\" rel=\"noreferrer noopener\">SILI NUTS<\/a><\/p>\n\n\n\n<p><a href=\"https:\/\/www.gugala.si\/\" data-type=\"link\" data-id=\"https:\/\/www.gugala.si\/\" target=\"_blank\" rel=\"noreferrer noopener\">SIRARNA GUGALA<\/a><\/p>\n\n\n\n<p><a href=\"https:\/\/www.vitadar.si\/\" data-type=\"link\" data-id=\"https:\/\/www.vitadar.si\/\" target=\"_blank\" rel=\"noreferrer noopener\">VITADAR NARAVNI KISI<\/a><\/p>\n\n\n\n<p class=\"has-text-color has-link-color has-medium-font-size wp-elements-9968d887fa93f20ed8826c68b7d1684d\" style=\"color:#000000\">The program will be updated regularly.<\/p>\n\n\n\n<p><\/p>\n\n\n\n<p><\/p>\n\n\n\n<p><\/p>\n\n\n\n<p><\/p>\n\n\n\n<p><\/p>\n\n\n\n<p><\/p>\n\n\n\n<p><\/p>\n\n\n\n<p><\/p>\n\n\n\n<p><\/p>","protected":false},"excerpt":{"rendered":"<p>\u010cEBELARSTVO IN OLJKARSTVO JERICIJO \u010cE\u0160PLJA DOLORES LI\u010cEN GA\u0160PARIN GASTRONOMIJA SALAMI BERNARDIS GORENC DELIKATESSEN KMETIJA DRNOV\u0160\u010cEK KMETIJA MARKO\u010cI\u010c MAQFINO NORI\u0160KI OGENJ SADNO ZELI\u0160\u010cNA HI\u0160A KIKRCA SAMO DWOBRO &#8211; DOMA\u010cIJA HAMEJA SILI NUTS SIRARNA GUGALA VITADAR NARAVNI KISI Program se sproti dopolnjuje.<\/p>","protected":false},"author":1,"featured_media":0,"parent":0,"menu_order":0,"comment_status":"closed","ping_status":"closed","template":"","meta":{"ngg_post_thumbnail":0,"footnotes":""},"class_list":["post-22","page","type-page","status-publish","hentry"],"_links":{"self":[{"href":"http:\/\/www.brdainvino.si\/en\/wp-json\/wp\/v2\/pages\/22","targetHints":{"allow":["GET"]}}],"collection":[{"href":"http:\/\/www.brdainvino.si\/en\/wp-json\/wp\/v2\/pages"}],"about":[{"href":"http:\/\/www.brdainvino.si\/en\/wp-json\/wp\/v2\/types\/page"}],"author":[{"embeddable":true,"href":"http:\/\/www.brdainvino.si\/en\/wp-json\/wp\/v2\/users\/1"}],"replies":[{"embeddable":true,"href":"http:\/\/www.brdainvino.si\/en\/wp-json\/wp\/v2\/comments?post=22"}],"version-history":[{"count":42,"href":"http:\/\/www.brdainvino.si\/en\/wp-json\/wp\/v2\/pages\/22\/revisions"}],"predecessor-version":[{"id":1708,"href":"http:\/\/www.brdainvino.si\/en\/wp-json\/wp\/v2\/pages\/22\/revisions\/1708"}],"wp:attachment":[{"href":"http:\/\/www.brdainvino.si\/en\/wp-json\/wp\/v2\/media?parent=22"}],"curies":[{"name":"wp","href":"https:\/\/api.w.org\/{rel}","templated":true}]}}