{"id":16,"date":"2024-02-04T09:32:53","date_gmt":"2024-02-04T09:32:53","guid":{"rendered":"http:\/\/www.brdainvino.si\/?page_id=16"},"modified":"2026-03-27T20:19:21","modified_gmt":"2026-03-27T19:19:21","slug":"vinarji","status":"publish","type":"page","link":"http:\/\/www.brdainvino.si\/en\/vinarji\/","title":{"rendered":"Winemakers"},"content":{"rendered":"<div class=\"wp-block-cover alignfull has-small-font-size\" style=\"min-height:441px;aspect-ratio:unset;\"><img loading=\"lazy\" decoding=\"async\" width=\"1024\" height=\"683\" class=\"wp-block-cover__image-background wp-image-1609 size-large\" alt=\"\" src=\"https:\/\/www.brdainvino.si\/wp-content\/uploads\/2026\/02\/494765698_1214097603847270_8930612015054807085_n-1024x683.jpg\" data-object-fit=\"cover\" srcset=\"http:\/\/www.brdainvino.si\/wp-content\/uploads\/2026\/02\/494765698_1214097603847270_8930612015054807085_n-1024x683.jpg 1024w, http:\/\/www.brdainvino.si\/wp-content\/uploads\/2026\/02\/494765698_1214097603847270_8930612015054807085_n-300x200.jpg 300w, http:\/\/www.brdainvino.si\/wp-content\/uploads\/2026\/02\/494765698_1214097603847270_8930612015054807085_n-768x512.jpg 768w, http:\/\/www.brdainvino.si\/wp-content\/uploads\/2026\/02\/494765698_1214097603847270_8930612015054807085_n-1536x1024.jpg 1536w, http:\/\/www.brdainvino.si\/wp-content\/uploads\/2026\/02\/494765698_1214097603847270_8930612015054807085_n-18x12.jpg 18w, http:\/\/www.brdainvino.si\/wp-content\/uploads\/2026\/02\/494765698_1214097603847270_8930612015054807085_n.jpg 2025w\" sizes=\"auto, (max-width: 1024px) 100vw, 1024px\" \/><span aria-hidden=\"true\" class=\"wp-block-cover__background has-black-background-color has-background-dim-30 has-background-dim\"><\/span><div class=\"wp-block-cover__inner-container has-global-padding is-layout-constrained wp-block-cover-is-layout-constrained\">\n<h2 class=\"wp-block-heading has-text-align-center has-text-color has-prata-regular-font-family has-x-large-font-size\" style=\"color:#ffffff;margin-bottom:0;font-style:normal;font-weight:600;line-height:1\">List of<\/h2>\n\n\n\n<h2 class=\"wp-block-heading has-text-align-center has-text-color has-prata-regular-font-family has-x-large-font-size\" style=\"color:#ffffff;margin-bottom:0;font-style:normal;font-weight:700;line-height:1\">winemakers Brda&amp;Vino 2026<\/h2>\n\n\n\n<div style=\"height:70px\" aria-hidden=\"true\" class=\"wp-block-spacer\"><\/div>\n<\/div><\/div>\n\n\n\n<div class=\"wp-block-columns alignwide is-layout-flex wp-container-core-columns-is-layout-28f84493 wp-block-columns-is-layout-flex\">\n<div class=\"wp-block-column has-text-color has-link-color wp-elements-afe6f417eb5a67fa1d6deee497ba9edb is-layout-flow wp-block-column-is-layout-flow\" style=\"color:#010000;flex-basis:100%\">\n<div class=\"wp-block-group has-global-padding is-layout-constrained wp-block-group-is-layout-constrained\">\n<p><a href=\"https:\/\/www.vina-aleksander.si\/predstavitev.php\" data-type=\"link\" data-id=\"https:\/\/www.vina-aleksander.si\/predstavitev.php\" target=\"_blank\" rel=\"noreferrer noopener\">ALEKSANDER VINA<\/a><\/p>\n\n\n\n<p><a href=\"https:\/\/www.mavric.si\/?fbclid=PAZXh0bgNhZW0CMTEAAaZFa9PjyvWvso0FTXzkxcIFvUvLIvMIEjmJU4dq8H0Bq3zTP2ZDimX_GhA_aem_4S-JiHkvwAl3vqP8r2ifzA\" data-type=\"link\" data-id=\"https:\/\/www.mavric.si\/?fbclid=PAZXh0bgNhZW0CMTEAAaZFa9PjyvWvso0FTXzkxcIFvUvLIvMIEjmJU4dq8H0Bq3zTP2ZDimX_GhA_aem_4S-JiHkvwAl3vqP8r2ifzA\" target=\"_blank\" rel=\"noreferrer noopener\">AMALIA MAVRI\u010c<\/a><\/p>\n\n\n\n<p><a href=\"https:\/\/www.atelier-kramar.si\/\" target=\"_blank\" rel=\"noreferrer noopener\">ATELIER KRAMAR<\/a><\/p>\n\n\n\n<p><a href=\"https:\/\/belica.si\" target=\"_blank\" rel=\"noreferrer noopener\">BELICA<\/a><\/p>\n\n\n\n<p><a href=\"https:\/\/www.benedetic.si\/\" target=\"_blank\" rel=\"noreferrer noopener\">BENEDETI\u010c<\/a><\/p>\n\n\n\n<p><a href=\"https:\/\/www.instagram.com\/berblutwines\/\" data-type=\"link\" data-id=\"https:\/\/www.instagram.com\/berblutwines\/\" target=\"_blank\" rel=\"noreferrer noopener\">BERBLUT WINES<\/a><\/p>\n\n\n\n<p><a href=\"https:\/\/domacijabizjak.si\/\" target=\"_blank\" rel=\"noreferrer noopener\">DOMA\u010cIJA BIZJAK<\/a><\/p>\n\n\n\n<p><a href=\"https:\/\/draga-miklus.com\/\" target=\"_blank\" rel=\"noreferrer noopener\">DRAGA WINERY<\/a><\/p>\n\n\n\n<p><a href=\"https:\/\/www.instagram.com\/emeran.reya.estate\/\" data-type=\"link\" data-id=\"https:\/\/www.instagram.com\/emeran.reya.estate\/\" target=\"_blank\" rel=\"noreferrer noopener\">EMERAN REYA<\/a><\/p>\n\n\n\n<p><a href=\"https:\/\/vina-erzetic.com\/\" data-type=\"link\" data-id=\"https:\/\/vina-erzetic.com\/\" target=\"_blank\" rel=\"noreferrer noopener\">ERZETI\u010c<\/a><\/p>\n\n\n\n<p><a href=\"https:\/\/www.fikfak.eu\/\" target=\"_blank\" rel=\"noreferrer noopener\">FIKFAK VINA<\/a><\/p>\n\n\n\n<p><a href=\"https:\/\/www.iaquin.si\/\" data-type=\"link\" data-id=\"https:\/\/www.iaquin.si\/\" target=\"_blank\" rel=\"noreferrer noopener\">IAQUIN<\/a><\/p>\n\n\n\n<p><a href=\"https:\/\/www.jermann.it\/_uk\/\" data-type=\"link\" data-id=\"https:\/\/www.jermann.it\/_uk\/\" target=\"_blank\" rel=\"noreferrer noopener\">JERMANN<\/a><\/p>\n\n\n\n<p><a href=\"https:\/\/klet-brda.si\/\" data-type=\"link\" data-id=\"https:\/\/klet-brda.si\/\" target=\"_blank\" rel=\"noreferrer noopener\">KLET BRDA<\/a><\/p>\n\n\n\n<p><a href=\"https:\/\/www.debaguer.si\/\" data-type=\"link\" data-id=\"https:\/\/www.debaguer.si\/\" target=\"_blank\" rel=\"noreferrer noopener\">KLET DE BAGUER<\/a><\/p>\n\n\n\n<p><a href=\"https:\/\/www.facebook.com\/profile.php?id=100079376185825#\" target=\"_blank\" rel=\"noreferrer noopener\">KMETIJA MRAK<\/a><\/p>\n\n\n\n<p><a href=\"https:\/\/www.facebook.com\/kristalvinwine\/?locale=sl_SI\" data-type=\"link\" data-id=\"https:\/\/www.facebook.com\/kristalvinwine\/?locale=sl_SI\" target=\"_blank\" rel=\"noreferrer noopener\">KRISTALVIN<\/a><\/p>\n\n\n\n<p><a href=\"https:\/\/www.simcic.si\/sl\" target=\"_blank\" rel=\"noreferrer noopener\">MARJAN SIM\u010cI\u010c DOMAINE<\/a><\/p>\n\n\n\n<p><\/p>\n\n\n\n<p><\/p>\n<\/div>\n<\/div>\n\n\n\n<div class=\"wp-block-column has-text-color has-link-color wp-elements-eecfd8933952c674d620835718aff26d is-layout-flow wp-block-column-is-layout-flow\" style=\"color:#010000;flex-basis:100%\">\n<p><a href=\"https:\/\/www.facebook.com\/profile.php?id=100054282620851\" target=\"_blank\" rel=\"noreferrer noopener\">MAVRI\u010c DANILO<\/a><\/p>\n\n\n\n<p><a href=\"https:\/\/www.facebook.com\/MULITvino\/\" data-type=\"link\" data-id=\"https:\/\/www.facebook.com\/MULITvino\/\">MULIT<\/a><\/p>\n\n\n\n<p><a href=\"https:\/\/www.facebook.com\/nebowinery\/\" target=\"_blank\" rel=\"noreferrer noopener\">NEB\u00d3 WINERY<\/a><\/p>\n\n\n\n<p><a href=\"https:\/\/patricksimcic.si\/en\/home\/\" data-type=\"link\" data-id=\"https:\/\/patricksimcic.si\/en\/home\/\" target=\"_blank\" rel=\"noreferrer noopener\">PATRICK SIM\u010cI\u010c<\/a><\/p>\n\n\n\n<p><a href=\"https:\/\/www.persolja.com\/sl\/domov\/\" data-type=\"link\" data-id=\"https:\/\/www.persolja.com\/sl\/domov\/\" target=\"_blank\" rel=\"noreferrer noopener\">PER\u0160OLJA VINA<\/a><\/p>\n\n\n\n<p><a href=\"https:\/\/www.pintarvini.com\/\" data-type=\"link\" data-id=\"https:\/\/www.pintarvini.com\/\" target=\"_blank\" rel=\"noreferrer noopener\">PINTAR VINI E SPUMANTI<\/a><\/p>\n\n\n\n<p><a href=\"https:\/\/www.posestvo-pintar.si\/\" target=\"_blank\" rel=\"noreferrer noopener\">POSESTVO PINTAR<\/a><\/p>\n\n\n\n<p><a href=\"https:\/\/www.princicdamjan.com\" data-type=\"link\" data-id=\"https:\/\/www.princicdamjan.com\" target=\"_blank\" rel=\"noreferrer noopener\">PRIN\u010cI\u010c DAMJAN <\/a><\/p>\n\n\n\n<p><a href=\"https:\/\/rejavino.com\/\" data-type=\"link\" data-id=\"https:\/\/rejavino.com\/\" target=\"_blank\" rel=\"noreferrer noopener\">REJA VINO<\/a><\/p>\n\n\n\n<p><a href=\"https:\/\/rokovi.wine\/sl\" data-type=\"link\" data-id=\"https:\/\/rokovi.wine\/sl\" target=\"_blank\" rel=\"noreferrer noopener\">ROKOVI VINOGRADI<\/a><\/p>\n\n\n\n<p><a href=\"https:\/\/www.vinaronk.si\/\" data-type=\"link\" data-id=\"https:\/\/www.vinaronk.si\/\" target=\"_blank\" rel=\"noreferrer noopener\">RONK<\/a><\/p>\n\n\n\n<p><a href=\"https:\/\/vina-sosolic.com\/index.php\/sl-si\/\" data-type=\"link\" data-id=\"https:\/\/vina-sosolic.com\/index.php\/sl-si\/\" target=\"_blank\" rel=\"noreferrer noopener\">SOSOLI\u010c<\/a><\/p>\n\n\n\n<p><a href=\"https:\/\/www.scurek.wine\/\" target=\"_blank\" rel=\"noreferrer noopener\">\u0160\u010cUREK<\/a><\/p>\n\n\n\n<p><a href=\"https:\/\/uou.si\/en\/home-eng\/\" target=\"_blank\" rel=\"noreferrer noopener\">UOU VINA<\/a><\/p>\n\n\n\n<p><a href=\"https:\/\/www.valentincic-turizem.si\/\" target=\"_blank\" rel=\"noreferrer noopener\">VALENTIN\u010cI\u010c<\/a><\/p>\n\n\n\n<p><a href=\"https:\/\/valleris.it\/sl\" data-type=\"link\" data-id=\"https:\/\/valleris.it\/sl\" target=\"_blank\" rel=\"noreferrer noopener\">VALLERIS<\/a><\/p>\n\n\n\n<p><a href=\"https:\/\/www.valtersirk.com\/\" data-type=\"link\" data-id=\"https:\/\/www.valtersirk.com\/\" target=\"_blank\" rel=\"noreferrer noopener\">VALTER SIRK<\/a><\/p>\n\n\n\n<p><a href=\"https:\/\/www.vina-blazic.si\/\" data-type=\"link\" data-id=\"https:\/\/www.vina-blazic.si\/\" target=\"_blank\" rel=\"noreferrer noopener\">VINA BLA\u017dI\u010c<\/a><\/p>\n<\/div>\n\n\n\n<div class=\"wp-block-column has-text-color has-link-color wp-elements-f1d07c1d58e5044f99bb9db277ee6007 has-global-padding is-layout-constrained wp-container-core-column-is-layout-b1c4692f wp-block-column-is-layout-constrained\" style=\"color:#010000;flex-basis:100%\">\n<p><a href=\"https:\/\/brda-vipavskadolina-kras.si\/en\/tasting\/domenis-wines\" target=\"_blank\" rel=\"noreferrer noopener\">VINA DOMENIS<\/a><\/p>\n\n\n\n<p><a href=\"https:\/\/www.facebook.com\/malin.wines\/\" data-type=\"link\" data-id=\"https:\/\/www.facebook.com\/malin.wines\/\" target=\"_blank\" rel=\"noreferrer noopener\">VINA MALIN<\/a><\/p>\n\n\n\n<p><a href=\"https:\/\/www.facebook.com\/vinamarkosirk\/?locale=sl_SI\" data-type=\"link\" data-id=\"https:\/\/www.facebook.com\/vinamarkosirk\/?locale=sl_SI\" target=\"_blank\" rel=\"noreferrer noopener\">VINA MARKO SIRK<\/a><\/p>\n\n\n\n<p><a href=\"https:\/\/www.instagram.com\/vinamavric\/\" data-type=\"link\" data-id=\"https:\/\/www.instagram.com\/vinamavric\/\" target=\"_blank\" rel=\"noreferrer noopener\">VINA MAVRI\u010c<\/a><\/p>\n\n\n\n<p><a href=\"https:\/\/www.moro-wines.com\/\" data-type=\"link\" data-id=\"https:\/\/www.moro-wines.com\/\" target=\"_blank\" rel=\"noreferrer noopener\">VINA MORO<\/a><\/p>\n\n\n\n<p><a href=\"https:\/\/www.silveri.si\/\" data-type=\"link\" data-id=\"https:\/\/www.silveri.si\/\" target=\"_blank\" rel=\"noreferrer noopener\">VINA SILVERI<\/a><\/p>\n\n\n\n<p><a href=\"https:\/\/vinosimcic.si\/\" data-type=\"link\" data-id=\"https:\/\/vinosimcic.si\/\" target=\"_blank\" rel=\"noreferrer noopener\">VINA SIM\u010cI\u010c<\/a><\/p>\n\n\n\n<p><a href=\"https:\/\/www.facebook.com\/bostjan.sibav.1\/\" target=\"_blank\" rel=\"noreferrer noopener\">VINA \u0160IBAU<\/a><\/p>\n\n\n\n<p><a href=\"https:\/\/www.stekar.si\/\" data-type=\"link\" data-id=\"https:\/\/www.stekar.si\/\" target=\"_blank\" rel=\"noreferrer noopener\">VINA \u0160TEKAR<\/a><\/p>\n\n\n\n<p><a href=\"https:\/\/www.bregarwines.si\/\" data-type=\"link\" data-id=\"https:\/\/www.bregarwines.si\/\" target=\"_blank\" rel=\"noreferrer noopener\">VINARSTVO BREGAR<\/a><\/p>\n\n\n\n<p><a href=\"https:\/\/www.instagram.com\/fabricijo_vineyards\/\" data-type=\"link\" data-id=\"https:\/\/www.instagram.com\/fabricijo_vineyards\/\" target=\"_blank\" rel=\"noreferrer noopener\">VINARSTVO FABRICIJO<\/a><\/p>\n\n\n\n<p><a href=\"https:\/\/www.muzic.si\/\" data-type=\"link\" data-id=\"https:\/\/www.muzic.si\/\" target=\"_blank\" rel=\"noreferrer noopener\">VINARSTVO MU\u017dI\u010c<\/a><\/p>\n\n\n\n<p><a href=\"https:\/\/www.facebook.com\/vinarstvosirk\/about\" target=\"_blank\" rel=\"noreferrer noopener\">VINARSTVO SIRK ALJO\u0160A<\/a><\/p>\n\n\n\n<p><a href=\"https:\/\/www.facebook.com\/p\/Teza-Winery-100063478936375\/\" data-type=\"link\" data-id=\"https:\/\/www.facebook.com\/p\/Teza-Winery-100063478936375\/\" target=\"_blank\" rel=\"noreferrer noopener\">VINARSTVO TEZA<\/a><\/p>\n\n\n\n<p><a href=\"http:\/\/www.zalatel.si\/\" target=\"_blank\" rel=\"noreferrer noopener\">VINARSTVO ZALATEL<\/a><\/p>\n\n\n\n<p><a href=\"https:\/\/vino-sibav.si\/\" target=\"_blank\" rel=\"noreferrer noopener\">VINO &amp; TURIZEM \u0160IBAV<\/a><\/p>\n\n\n\n<p><a href=\"https:\/\/www.vinotekabrda.si\" target=\"_blank\" rel=\"noreferrer noopener\">VINOTEKA BRDA<\/a><\/p>\n\n\n\n<p><a href=\"https:\/\/www.zanut.si\/sl\/vina\" data-type=\"link\" data-id=\"https:\/\/www.zanut.si\/sl\/vina\" target=\"_blank\" rel=\"noreferrer noopener\">ZANUT<\/a><\/p>\n\n\n\n<p><a href=\"https:\/\/zarova.si\/\" data-type=\"link\" data-id=\"https:\/\/zarova.si\/\" target=\"_blank\" rel=\"noreferrer noopener\">ZAROVA<\/a><\/p>\n\n\n\n<p><\/p>\n\n\n\n<p><\/p>\n\n\n\n<p><\/p>\n<\/div>\n<\/div>\n\n\n\n<p class=\"has-text-align-center has-medium-font-size\">The program will be updated regularly.<\/p>\n\n\n\n<p><\/p>\n\n\n\n<p><\/p>\n\n\n\n<p><\/p>\n\n\n\n<p><\/p>","protected":false},"excerpt":{"rendered":"<p>ALEKSANDER VINA AMALIA MAVRI\u010c ATELIER KRAMAR BELICA BENEDETI\u010c BERBLUT WINES DOMA\u010cIJA BIZJAK DRAGA WINERY EMERAN REYA ERZETI\u010c FIKFAK VINA IAQUIN JERMANN KLET BRDA KLET DE BAGUER KMETIJA MRAK KRISTALVIN MARJAN SIM\u010cI\u010c DOMAINE MAVRI\u010c DANILO MULIT NEB\u00d3 WINERY PATRICK SIM\u010cI\u010c PER\u0160OLJA VINA PINTAR VINI E SPUMANTI POSESTVO PINTAR PRIN\u010cI\u010c DAMJAN REJA VINO ROKOVI VINOGRADI RONK SOSOLI\u010c [&hellip;]<\/p>","protected":false},"author":1,"featured_media":0,"parent":0,"menu_order":0,"comment_status":"closed","ping_status":"closed","template":"","meta":{"ngg_post_thumbnail":0,"footnotes":""},"class_list":["post-16","page","type-page","status-publish","hentry"],"_links":{"self":[{"href":"http:\/\/www.brdainvino.si\/en\/wp-json\/wp\/v2\/pages\/16","targetHints":{"allow":["GET"]}}],"collection":[{"href":"http:\/\/www.brdainvino.si\/en\/wp-json\/wp\/v2\/pages"}],"about":[{"href":"http:\/\/www.brdainvino.si\/en\/wp-json\/wp\/v2\/types\/page"}],"author":[{"embeddable":true,"href":"http:\/\/www.brdainvino.si\/en\/wp-json\/wp\/v2\/users\/1"}],"replies":[{"embeddable":true,"href":"http:\/\/www.brdainvino.si\/en\/wp-json\/wp\/v2\/comments?post=16"}],"version-history":[{"count":124,"href":"http:\/\/www.brdainvino.si\/en\/wp-json\/wp\/v2\/pages\/16\/revisions"}],"predecessor-version":[{"id":1755,"href":"http:\/\/www.brdainvino.si\/en\/wp-json\/wp\/v2\/pages\/16\/revisions\/1755"}],"wp:attachment":[{"href":"http:\/\/www.brdainvino.si\/en\/wp-json\/wp\/v2\/media?parent=16"}],"curies":[{"name":"wp","href":"https:\/\/api.w.org\/{rel}","templated":true}]}}