{"id":10,"date":"2024-02-04T09:31:52","date_gmt":"2024-02-04T09:31:52","guid":{"rendered":"http:\/\/www.brdainvino.si\/?page_id=10"},"modified":"2026-03-12T11:44:44","modified_gmt":"2026-03-12T10:44:44","slug":"ponudniki","status":"publish","type":"page","link":"http:\/\/www.brdainvino.si\/en\/ponudniki\/","title":{"rendered":"Providers"},"content":{"rendered":"<div class=\"wp-block-group alignfull has-background has-global-padding is-layout-constrained wp-container-core-group-is-layout-1257c590 wp-block-group-is-layout-constrained\" style=\"background-color:#fffefe;margin-top:0;margin-bottom:0;padding-top:5.51rem;padding-right:1rem;padding-bottom:3rem;padding-left:1rem\">\n<div class=\"wp-block-group alignwide has-global-padding is-layout-constrained wp-container-core-group-is-layout-9a103221 wp-block-group-is-layout-constrained\" style=\"padding-bottom:1rem\">\n<h2 class=\"wp-block-heading has-text-align-center has-text-color has-prata-regular-font-family has-large-font-size\" style=\"color:#010000;font-style:normal;font-weight:700;line-height:1.5;text-transform:capitalize\">pROGRAM<\/h2>\n\n\n\n<p class=\"has-text-align-center has-medium-font-size\"><\/p>\n\n\n\n<p><\/p>\n<\/div>\n\n\n\n<div class=\"wp-block-group alignwide has-global-padding is-layout-constrained wp-container-core-group-is-layout-1cf432e6 wp-block-group-is-layout-constrained\" style=\"margin-top:1.01rem\">\n<div class=\"wp-block-columns alignwide is-layout-flex wp-container-core-columns-is-layout-85231905 wp-block-columns-is-layout-flex\">\n<div class=\"wp-block-column has-global-padding is-content-justification-center is-layout-constrained wp-container-core-column-is-layout-412b4476 wp-block-column-is-layout-constrained\" style=\"padding-bottom:2rem\">\n<div class=\"wp-block-group has-global-padding is-layout-constrained wp-container-core-group-is-layout-668d2085 wp-block-group-is-layout-constrained\">\n<figure class=\"wp-block-image aligncenter size-medium is-resized has-custom-border\"><img loading=\"lazy\" decoding=\"async\" width=\"300\" height=\"200\" src=\"http:\/\/www.brdainvino.si\/wp-content\/uploads\/2024\/02\/vinar1-1-300x200.jpg\" alt=\"\" class=\"wp-image-161\" style=\"border-style:none;border-width:0px;border-radius:30px;width:279px;height:auto\" srcset=\"http:\/\/www.brdainvino.si\/wp-content\/uploads\/2024\/02\/vinar1-1-300x200.jpg 300w, http:\/\/www.brdainvino.si\/wp-content\/uploads\/2024\/02\/vinar1-1-768x512.jpg 768w, http:\/\/www.brdainvino.si\/wp-content\/uploads\/2024\/02\/vinar1-1-18x12.jpg 18w, http:\/\/www.brdainvino.si\/wp-content\/uploads\/2024\/02\/vinar1-1.jpg 1000w\" sizes=\"auto, (max-width: 300px) 100vw, 300px\" \/><\/figure>\n\n\n\n<h5 class=\"wp-block-heading has-text-align-center has-text-color has-link-color has-prata-regular-font-family wp-elements-d2fb5189ce931e6b3ab35ba82e8617c7\" style=\"color:#000102;font-size:clamp(1.044rem, 1.044rem + ((1vw - 0.2rem) * 1.029), 1.61rem);font-style:normal;font-weight:700;line-height:1.4;text-decoration:none;text-transform:capitalize\"><a href=\"http:\/\/www.brdainvino.si\/en\/vinarji\/\">Winemakers<\/a><\/h5>\n<\/div>\n\n\n\n<div class=\"wp-block-group has-global-padding is-layout-constrained wp-container-core-group-is-layout-4f9f0532 wp-block-group-is-layout-constrained\">\n<p class=\"has-text-align-center has-text-color\" style=\"color:#252525;margin-top:0rem;font-size:clamp(0.875rem, 0.875rem + ((1vw - 0.2rem) * 0.064), 0.91rem);font-style:normal;font-weight:400;line-height:1.5\"><\/p>\n<\/div>\n<\/div>\n\n\n\n<div class=\"wp-block-column is-layout-flow wp-block-column-is-layout-flow\">\n<figure class=\"wp-block-image aligncenter size-full is-resized has-custom-border\"><img loading=\"lazy\" decoding=\"async\" width=\"1500\" height=\"1000\" src=\"http:\/\/www.brdainvino.si\/wp-content\/uploads\/2024\/02\/bv83-1.jpg\" alt=\"\" class=\"wp-image-70\" style=\"border-radius:30px;width:290px\" srcset=\"http:\/\/www.brdainvino.si\/wp-content\/uploads\/2024\/02\/bv83-1.jpg 1500w, http:\/\/www.brdainvino.si\/wp-content\/uploads\/2024\/02\/bv83-1-300x200.jpg 300w, http:\/\/www.brdainvino.si\/wp-content\/uploads\/2024\/02\/bv83-1-1024x683.jpg 1024w, http:\/\/www.brdainvino.si\/wp-content\/uploads\/2024\/02\/bv83-1-768x512.jpg 768w, http:\/\/www.brdainvino.si\/wp-content\/uploads\/2024\/02\/bv83-1-18x12.jpg 18w\" sizes=\"auto, (max-width: 1500px) 100vw, 1500px\" \/><\/figure>\n\n\n\n<h5 class=\"wp-block-heading has-text-align-center has-text-color has-link-color has-prata-regular-font-family wp-elements-0906b9a206776d93a1b4cfe6add90e93\" style=\"color:#000000;font-size:clamp(1.044rem, 1.044rem + ((1vw - 0.2rem) * 1.029), 1.61rem);font-style:normal;font-weight:700;line-height:1.4;text-decoration:none;text-transform:capitalize\"><a href=\"http:\/\/www.brdainvino.si\/en\/gostinska-ponudba\/\">Culinary providers<\/a><\/h5>\n\n\n\n<p class=\"has-text-align-center has-text-color\" style=\"color:#252525;margin-top:0rem;font-size:clamp(0.875rem, 0.875rem + ((1vw - 0.2rem) * 0.064), 0.91rem);font-style:normal;font-weight:400;line-height:1.5\"><\/p>\n<\/div>\n\n\n\n<div class=\"wp-block-column has-global-padding is-layout-constrained wp-container-core-column-is-layout-a3af4fe5 wp-block-column-is-layout-constrained\" style=\"padding-bottom:2rem\">\n<div class=\"wp-block-group has-global-padding is-layout-constrained wp-container-core-group-is-layout-668d2085 wp-block-group-is-layout-constrained\">\n<figure class=\"wp-block-image aligncenter size-full is-resized has-custom-border\"><img loading=\"lazy\" decoding=\"async\" width=\"2025\" height=\"1351\" src=\"http:\/\/www.brdainvino.si\/wp-content\/uploads\/2024\/02\/bv91.jpg\" alt=\"\" class=\"wp-image-62\" style=\"border-radius:30px;width:290px\" srcset=\"http:\/\/www.brdainvino.si\/wp-content\/uploads\/2024\/02\/bv91.jpg 2025w, http:\/\/www.brdainvino.si\/wp-content\/uploads\/2024\/02\/bv91-300x200.jpg 300w, http:\/\/www.brdainvino.si\/wp-content\/uploads\/2024\/02\/bv91-1024x683.jpg 1024w, http:\/\/www.brdainvino.si\/wp-content\/uploads\/2024\/02\/bv91-768x512.jpg 768w, http:\/\/www.brdainvino.si\/wp-content\/uploads\/2024\/02\/bv91-1536x1025.jpg 1536w, http:\/\/www.brdainvino.si\/wp-content\/uploads\/2024\/02\/bv91-18x12.jpg 18w\" sizes=\"auto, (max-width: 2025px) 100vw, 2025px\" \/><\/figure>\n\n\n\n<h5 class=\"wp-block-heading has-text-align-center has-text-color has-link-color has-prata-regular-font-family wp-elements-a926cbea65176a6754c48b4d2af52cd5\" style=\"color:#000000;font-size:clamp(1.044rem, 1.044rem + ((1vw - 0.2rem) * 1.029), 1.61rem);font-style:normal;font-weight:700;line-height:1.4;text-decoration:none;text-transform:capitalize\"><a href=\"http:\/\/www.brdainvino.si\/en\/kulturni-program\/\" data-type=\"page\" data-id=\"20\">Cultural programme<\/a><\/h5>\n<\/div>\n\n\n\n<div class=\"wp-block-group has-global-padding is-layout-constrained wp-container-core-group-is-layout-4f9f0532 wp-block-group-is-layout-constrained\">\n<p class=\"has-text-align-center has-text-color\" style=\"color:#252525;margin-top:0rem;font-size:clamp(0.875rem, 0.875rem + ((1vw - 0.2rem) * 0.064), 0.91rem);font-style:normal;font-weight:400;line-height:1.5\"><\/p>\n<\/div>\n<\/div>\n\n\n\n<div class=\"wp-block-column has-global-padding is-content-justification-center is-layout-constrained wp-container-core-column-is-layout-412b4476 wp-block-column-is-layout-constrained\" style=\"padding-bottom:2rem\">\n<div class=\"wp-block-group has-global-padding is-layout-constrained wp-container-core-group-is-layout-668d2085 wp-block-group-is-layout-constrained\">\n<figure class=\"wp-block-image aligncenter size-full is-resized has-custom-border\"><img loading=\"lazy\" decoding=\"async\" width=\"2025\" height=\"1351\" src=\"http:\/\/www.brdainvino.si\/wp-content\/uploads\/2024\/02\/bv23.jpg\" alt=\"\" class=\"wp-image-131\" style=\"border-radius:30px;width:290px\" srcset=\"http:\/\/www.brdainvino.si\/wp-content\/uploads\/2024\/02\/bv23.jpg 2025w, http:\/\/www.brdainvino.si\/wp-content\/uploads\/2024\/02\/bv23-300x200.jpg 300w, http:\/\/www.brdainvino.si\/wp-content\/uploads\/2024\/02\/bv23-1024x683.jpg 1024w, http:\/\/www.brdainvino.si\/wp-content\/uploads\/2024\/02\/bv23-768x512.jpg 768w, http:\/\/www.brdainvino.si\/wp-content\/uploads\/2024\/02\/bv23-1536x1025.jpg 1536w, http:\/\/www.brdainvino.si\/wp-content\/uploads\/2024\/02\/bv23-18x12.jpg 18w\" sizes=\"auto, (max-width: 2025px) 100vw, 2025px\" \/><\/figure>\n\n\n\n<h5 class=\"wp-block-heading has-text-align-center has-text-color has-link-color has-prata-regular-font-family wp-elements-62ade5dc93b5c9ccfb471b01c6e6ed61\" style=\"color:#000000;font-size:clamp(1.044rem, 1.044rem + ((1vw - 0.2rem) * 1.029), 1.61rem);font-style:normal;font-weight:700;line-height:1.4;text-decoration:none;text-transform:capitalize\"><a href=\"http:\/\/www.brdainvino.si\/en\/domaca-trznica\/\">Local market<\/a><\/h5>\n<\/div>\n\n\n\n<div class=\"wp-block-group has-global-padding is-layout-constrained wp-container-core-group-is-layout-4f9f0532 wp-block-group-is-layout-constrained\">\n<p class=\"has-text-align-center has-text-color\" style=\"color:#252525;margin-top:0rem;font-size:clamp(0.875rem, 0.875rem + ((1vw - 0.2rem) * 0.064), 0.91rem);font-style:normal;font-weight:400;line-height:1.5\"><\/p>\n<\/div>\n<\/div>\n<\/div>\n<\/div>\n<\/div>","protected":false},"excerpt":{"rendered":"<p>pROGRAM Vinarji gostinska ponudba Kulturno-umetni\u0161ki program doma\u010da tr\u017enica<\/p>","protected":false},"author":1,"featured_media":0,"parent":0,"menu_order":0,"comment_status":"closed","ping_status":"closed","template":"","meta":{"ngg_post_thumbnail":0,"footnotes":""},"class_list":["post-10","page","type-page","status-publish","hentry"],"_links":{"self":[{"href":"http:\/\/www.brdainvino.si\/en\/wp-json\/wp\/v2\/pages\/10","targetHints":{"allow":["GET"]}}],"collection":[{"href":"http:\/\/www.brdainvino.si\/en\/wp-json\/wp\/v2\/pages"}],"about":[{"href":"http:\/\/www.brdainvino.si\/en\/wp-json\/wp\/v2\/types\/page"}],"author":[{"embeddable":true,"href":"http:\/\/www.brdainvino.si\/en\/wp-json\/wp\/v2\/users\/1"}],"replies":[{"embeddable":true,"href":"http:\/\/www.brdainvino.si\/en\/wp-json\/wp\/v2\/comments?post=10"}],"version-history":[{"count":27,"href":"http:\/\/www.brdainvino.si\/en\/wp-json\/wp\/v2\/pages\/10\/revisions"}],"predecessor-version":[{"id":1710,"href":"http:\/\/www.brdainvino.si\/en\/wp-json\/wp\/v2\/pages\/10\/revisions\/1710"}],"wp:attachment":[{"href":"http:\/\/www.brdainvino.si\/en\/wp-json\/wp\/v2\/media?parent=10"}],"curies":[{"name":"wp","href":"https:\/\/api.w.org\/{rel}","templated":true}]}}